{"id":7128,"date":"2024-10-08T20:13:57","date_gmt":"2024-10-08T17:13:57","guid":{"rendered":"https:\/\/diboochi.com\/alisverislerinizi-ve-odemelerinizi-koruyoruz\/"},"modified":"2025-05-18T17:58:07","modified_gmt":"2025-05-18T14:58:07","slug":"alisverislerinizi-ve-odemelerinizi-koruyoruz","status":"publish","type":"page","link":"https:\/\/diboochi.com\/tr\/alisverislerinizi-ve-odemelerinizi-koruyoruz\/","title":{"rendered":"Al\u0131\u015fveri\u015flerinizi ve \u00f6demelerinizi koruyoruz"},"content":{"rendered":"\t\t<div data-elementor-type=\"wp-page\" data-elementor-id=\"7128\" class=\"elementor elementor-7128 elementor-2237\" data-elementor-post-type=\"page\">\n\t\t\t\t<div class=\"wd-negative-gap elementor-element elementor-element-be6dccb e-flex e-con-boxed e-con e-parent\" data-id=\"be6dccb\" data-element_type=\"container\" data-e-type=\"container\">\n\t\t\t\t\t<div class=\"e-con-inner\">\n\t\t<div class=\"elementor-element elementor-element-c3d17f2 e-con-full e-flex e-con e-child\" data-id=\"c3d17f2\" data-element_type=\"container\" data-e-type=\"container\">\n\t\t<div class=\"elementor-element elementor-element-f52faae e-con-full e-flex e-con e-child\" data-id=\"f52faae\" data-element_type=\"container\" data-e-type=\"container\">\n\t\t\t\t<div class=\"elementor-element elementor-element-0a453c5 elementor-widget elementor-widget-image\" data-id=\"0a453c5\" data-element_type=\"widget\" data-e-type=\"widget\" data-widget_type=\"image.default\">\n\t\t\t\t<div class=\"elementor-widget-container\">\n\t\t\t\t\t\t\t\t\t\t\t\t\t\t\t<img loading=\"lazy\" decoding=\"async\" width=\"64\" height=\"70\" src=\"https:\/\/diboochi.com\/wp-content\/uploads\/2024\/08\/buyer-protection-icon-small.png\" class=\"attachment-large size-large wp-image-5682\" alt=\"\" \/>\t\t\t\t\t\t\t\t\t\t\t\t\t\t\t<\/div>\n\t\t\t\t<\/div>\n\t\t\t\t<div class=\"elementor-element elementor-element-948a861 text-right color-scheme-inherit elementor-widget elementor-widget-text-editor\" data-id=\"948a861\" data-element_type=\"widget\" data-e-type=\"widget\" data-widget_type=\"text-editor.default\">\n\t\t\t\t<div class=\"elementor-widget-container\">\n\t\t\t\t\t\t\t\t\t<h1>Al\u0131\u015fveri\u015flerinizi ve \u00f6demelerinizi koruyoruz<\/h1>\n\t\t\t\t\t\t\t\t<\/div>\n\t\t\t\t<\/div>\n\t\t\t\t<\/div>\n\t\t\t\t<div class=\"elementor-element elementor-element-eed3da9 text-right color-scheme-inherit elementor-widget elementor-widget-text-editor\" data-id=\"eed3da9\" data-element_type=\"widget\" data-e-type=\"widget\" data-widget_type=\"text-editor.default\">\n\t\t\t\t<div class=\"elementor-widget-container\">\n\t\t\t\t\t\t\t\t\t<p style=\"text-align: left;\"><strong>Modern e-ticaret d\u00fcnyas\u0131nda \u00f6demelerin ve al\u0131\u015fveri\u015flerin korunmas\u0131n\u0131n \u00f6nemi tart\u0131\u015f\u0131lmaz.<br \/>\n<\/strong>\u00d6zellikle hem al\u0131c\u0131lar\u0131n hem de sat\u0131c\u0131lar\u0131n birbirlerine kar\u015f\u0131 endi\u015fe ve g\u00fcvensizlik duyabildi\u011fi durumlarda. &#8220;DiBoochi&#8221; platformu, bu riskleri en aza indirmek ve i\u015flemin t\u00fcm taraflar\u0131 aras\u0131nda g\u00fcvenli bir etkile\u015fim sa\u011flamak amac\u0131yla tasarlanm\u0131\u015ft\u0131r.<\/p>\n<p><\/p>\n<p style=\"text-align: left;\">Bir \u00fcr\u00fcn i\u00e7in pe\u015fin \u00f6deme yaparken al\u0131c\u0131lar genellikle sat\u0131c\u0131n\u0131n sipari\u015fi g\u00f6ndermeyebilece\u011fi konusunda endi\u015felenir. Ayn\u0131 \u015fekilde sat\u0131c\u0131 da \u00fcr\u00fcn\u00fc g\u00f6nderdikten sonra kalan tutar\u0131 alamayaca\u011f\u0131ndan korkabilir. Bu endi\u015feler tamamen hakl\u0131d\u0131r, ancak &#8220;DiBoochi&#8221; ile art\u0131k endi\u015felenmenize gerek yok. Her iki tarafa da huzur veren etkili bir i\u015flem koruma ve \u015feffafl\u0131k mekanizmas\u0131 sunuyoruz.<\/p>\n<p><\/p>\n<p style=\"text-align: left;\"><strong>&#8220;DiBoochi&#8221; Nas\u0131l \u00c7al\u0131\u015f\u0131r?<br \/>\n<\/strong>\u00dcr\u00fcn\u00fc se\u00e7ip platformumuzda sipari\u015f verdikten sonra al\u0131c\u0131 bir fatura al\u0131r ve belirtilen tutar\u0131 kendi \u00fclkesindeki &#8220;DiBoochi&#8221; banka hesab\u0131na ulusal para birimiyle yat\u0131r\u0131r. Bu a\u015famada i\u015fleminizin garant\u00f6r\u00fc oluyoruz. Sat\u0131c\u0131 sipari\u015finize uygun olarak \u00fcr\u00fcnleri g\u00f6nderir ve yaln\u0131zca sizin yaz\u0131l\u0131 onay\u0131n\u0131z\u0131 ald\u0131ktan sonra \u00f6demesini al\u0131r. Bu s\u00fcre\u00e7 hem al\u0131c\u0131y\u0131 korur hem de sat\u0131c\u0131ya \u00f6deme alaca\u011f\u0131 konusunda g\u00fcvence verir.<\/p>\n<p><\/p>\n<p style=\"text-align: left;\"><strong>Akreditif (LC) Tarz\u0131nda Koruma<br \/>\n<\/strong>Platformumuz akreditif (LC) benzeri prensiplerle \u00e7al\u0131\u015farak her iki taraf i\u00e7in \u00fcst d\u00fczey koruma sa\u011flar. Doland\u0131r\u0131c\u0131l\u0131\u011f\u0131 \u00f6nlemeyi ve \u00fcr\u00fcnlerinizin zaman\u0131nda ve eksiksiz teslim edilmesini garanti etmeyi hedefliyoruz. Bu sistem, paralar\u0131n\u0131n g\u00fcvende oldu\u011funu bilen al\u0131c\u0131lar\u0131n g\u00fcvenle i\u015flem yapmalar\u0131n\u0131 sa\u011flar.<\/p>\n<p><\/p>\n<p style=\"text-align: left;\"><strong>G\u00fcvenlik ve G\u00fcven: Ba\u015far\u0131n\u0131n Anahtar\u0131<br \/>\n<\/strong>Al\u0131c\u0131lar ve sat\u0131c\u0131lar aras\u0131ndaki g\u00fcvenlik ve g\u00fcven, ba\u015far\u0131l\u0131 ticaretin temel fakt\u00f6rleridir. &#8220;DiBoochi&#8221; platformu, her iki taraf\u0131n da g\u00fcvende hissetti\u011fi bir ortam yarat\u0131r. \u00d6deme g\u00fcvenli\u011finizi sa\u011flad\u0131\u011f\u0131m\u0131z ve \u015feffaf, adil i\u015flemleri te\u015fvik etti\u011fimiz i\u00e7in riskler konusunda endi\u015felenmeden \u00fcr\u00fcn se\u00e7imine ve al\u0131\u015fveri\u015fe odaklanabilirsiniz.<\/p>\n\t\t\t\t\t\t\t\t<\/div>\n\t\t\t\t<\/div>\n\t\t\t\t<\/div>\n\t\t\t\t\t<\/div>\n\t\t\t\t<\/div>\n\t\t\t\t<\/div>\n\t\t","protected":false},"excerpt":{"rendered":"<p>Al\u0131\u015fveri\u015flerinizi ve \u00f6demelerinizi koruyoruz Modern e-ticaret d\u00fcnyas\u0131nda \u00f6demelerin ve al\u0131\u015fveri\u015flerin korunmas\u0131n\u0131n \u00f6nemi tart\u0131\u015f\u0131lmaz. \u00d6zellikle hem al\u0131c\u0131lar\u0131n hem de sat\u0131c\u0131lar\u0131n birbirlerine<\/p>\n","protected":false},"author":1,"featured_media":0,"parent":0,"menu_order":0,"comment_status":"closed","ping_status":"closed","template":"elementor_header_footer","meta":{"_acf_changed":false,"footnotes":""},"class_list":["post-7128","page","type-page","status-publish","hentry"],"acf":[],"_links":{"self":[{"href":"https:\/\/diboochi.com\/tr\/wp-json\/wp\/v2\/pages\/7128","targetHints":{"allow":["GET"]}}],"collection":[{"href":"https:\/\/diboochi.com\/tr\/wp-json\/wp\/v2\/pages"}],"about":[{"href":"https:\/\/diboochi.com\/tr\/wp-json\/wp\/v2\/types\/page"}],"author":[{"embeddable":true,"href":"https:\/\/diboochi.com\/tr\/wp-json\/wp\/v2\/users\/1"}],"replies":[{"embeddable":true,"href":"https:\/\/diboochi.com\/tr\/wp-json\/wp\/v2\/comments?post=7128"}],"version-history":[{"count":5,"href":"https:\/\/diboochi.com\/tr\/wp-json\/wp\/v2\/pages\/7128\/revisions"}],"predecessor-version":[{"id":7257,"href":"https:\/\/diboochi.com\/tr\/wp-json\/wp\/v2\/pages\/7128\/revisions\/7257"}],"wp:attachment":[{"href":"https:\/\/diboochi.com\/tr\/wp-json\/wp\/v2\/media?parent=7128"}],"curies":[{"name":"wp","href":"https:\/\/api.w.org\/{rel}","templated":true}]}}