{"id":7215,"date":"2024-10-15T00:33:50","date_gmt":"2024-10-14T21:33:50","guid":{"rendered":"https:\/\/diboochi.com\/yurt-disi-siparislerinizi-ulusal-para-birimiyle-odeyin\/"},"modified":"2025-05-18T18:08:19","modified_gmt":"2025-05-18T15:08:19","slug":"yurt-disi-siparislerinizi-ulusal-para-birimiyle-odeyin","status":"publish","type":"page","link":"https:\/\/diboochi.com\/tr\/yurt-disi-siparislerinizi-ulusal-para-birimiyle-odeyin\/","title":{"rendered":"Yurt d\u0131\u015f\u0131 sipari\u015flerinizi ulusal para birimiyle \u00f6deyin"},"content":{"rendered":"\t\t<div data-elementor-type=\"wp-page\" data-elementor-id=\"7215\" class=\"elementor elementor-7215 elementor-2257\" data-elementor-post-type=\"page\">\n\t\t\t\t<div class=\"wd-negative-gap elementor-element elementor-element-edc9882 e-flex e-con-boxed e-con e-parent\" data-id=\"edc9882\" data-element_type=\"container\" data-e-type=\"container\">\n\t\t\t\t\t<div class=\"e-con-inner\">\n\t\t<div class=\"elementor-element elementor-element-e3cb0b3 e-con-full e-flex e-con e-child\" data-id=\"e3cb0b3\" data-element_type=\"container\" data-e-type=\"container\">\n\t\t<div class=\"elementor-element elementor-element-75df36f e-con-full e-flex e-con e-child\" data-id=\"75df36f\" data-element_type=\"container\" data-e-type=\"container\">\n\t\t\t\t<div class=\"elementor-element elementor-element-93277dd elementor-widget__width-initial elementor-widget elementor-widget-image\" data-id=\"93277dd\" data-element_type=\"widget\" data-e-type=\"widget\" data-widget_type=\"image.default\">\n\t\t\t\t<div class=\"elementor-widget-container\">\n\t\t\t\t\t\t\t\t\t\t\t\t\t\t\t<img loading=\"lazy\" decoding=\"async\" width=\"70\" height=\"70\" src=\"https:\/\/diboochi.com\/wp-content\/uploads\/2024\/08\/currency-exchange-icon-small.png\" class=\"attachment-large size-large wp-image-5684\" alt=\"\" srcset=\"https:\/\/diboochi.com\/wp-content\/uploads\/2024\/08\/currency-exchange-icon-small.png 70w, https:\/\/diboochi.com\/wp-content\/uploads\/2024\/08\/currency-exchange-icon-small-20x20.png 20w, https:\/\/diboochi.com\/wp-content\/uploads\/2024\/08\/currency-exchange-icon-small-50x50.png 50w\" sizes=\"auto, (max-width: 70px) 100vw, 70px\" \/>\t\t\t\t\t\t\t\t\t\t\t\t\t\t\t<\/div>\n\t\t\t\t<\/div>\n\t\t\t\t<div class=\"elementor-element elementor-element-a45655f color-scheme-inherit text-left elementor-widget elementor-widget-text-editor\" data-id=\"a45655f\" data-element_type=\"widget\" data-e-type=\"widget\" data-widget_type=\"text-editor.default\">\n\t\t\t\t<div class=\"elementor-widget-container\">\n\t\t\t\t\t\t\t\t\t<h1>Yurt d\u0131\u015f\u0131 sipari\u015flerinizi ulusal para birimiyle \u00f6deyin<\/h1>\n\t\t\t\t\t\t\t\t<\/div>\n\t\t\t\t<\/div>\n\t\t\t\t<\/div>\n\t\t\t\t<div class=\"elementor-element elementor-element-7c8d3820 color-scheme-inherit text-left elementor-widget elementor-widget-text-editor\" data-id=\"7c8d3820\" data-element_type=\"widget\" data-e-type=\"widget\" data-widget_type=\"text-editor.default\">\n\t\t\t\t<div class=\"elementor-widget-container\">\n\t\t\t\t\t\t\t\t\t<p><strong>Yurt d\u0131\u015f\u0131 sipari\u015flerin ulusal para birimiyle \u00f6denmesi &#8211; kolay ve pratik bir \u00e7\u00f6z\u00fcm<\/strong><br \/>Ulusal para birimiyle sipari\u015f \u00f6demesi, &#8220;DiBoochi&#8221; platformunda al\u0131\u015fveri\u015f yapman\u0131n rahat ve kullan\u0131\u015fl\u0131 bir yoludur. Modern ekonomi ve \u00e7e\u015fitli uluslararas\u0131 yapt\u0131r\u0131mlar\u0131n oldu\u011fu ko\u015fullarda, g\u00fcvenli ve kolay finansal i\u015flem yapma imkan\u0131 son derece \u00f6nemlidir. Sitemizde, sipari\u015flerinizi ulusal para biriminizle \u00f6deme f\u0131rsat\u0131 sunulmaktad\u0131r. Bu \u00f6zellik, sipari\u015f kay\u0131t s\u00fcrecini kolayla\u015ft\u0131r\u0131r ve uluslararas\u0131 i\u015flem k\u0131s\u0131tlamalar\u0131yla ilgili riskleri en aza indirir.<\/p>\n<p><strong>&#8220;DiBoochi&#8221;de basit \u00f6deme s\u00fcreci<\/strong><br \/>&#8220;DiBoochi&#8221; B2B ticaret platformu, \u0130ran, BDT \u00fclkeleri ve T\u00fcrkiye aras\u0131nda basit bir \u00f6deme s\u00fcreci sunar. \u0130stedi\u011finiz \u00fcr\u00fcn\u00fc se\u00e7ip sipari\u015finizi verdikten sonra, \u00f6deme i\u00e7in size bir fatura veya proforma fatura sunulur. Daha sonra, belirtilen hesaba transfer yapmak i\u00e7in kendi \u00fclkenizdeki banka hizmetlerini kullanabilirsiniz.<\/p>\n<p><strong>Ulusal para birimiyle \u00f6demenin avantajlar\u0131<\/strong><br \/>\u00d6demelerde ulusal para biriminin kullan\u0131lmas\u0131, uluslararas\u0131 i\u015flemlerle ilgili yayg\u0131n sorunlar\u0131 ortadan kald\u0131r\u0131r. Yabanc\u0131 para birimiyle \u00f6deme, bir\u00e7ok durumda gecikmeler, y\u00fcksek komisyonlar ve belirli \u00fclkelere y\u00f6nelik yapt\u0131r\u0131mlarla ilgili sorunlar gibi zorluklara yol a\u00e7abilir. Ulusal para birimiyle \u00f6deme yaparak, bu fakt\u00f6rlerin al\u0131\u015fveri\u015fleriniz \u00fczerindeki etkisi \u00f6nemli \u00f6l\u00e7\u00fcde azal\u0131r.<\/p>\n<p><strong>Kolay ve g\u00fcvenli al\u0131\u015fveri\u015f deneyimi<\/strong><br \/>&#8220;DiBoochi&#8221;, co\u011frafi konumlar\u0131 ne olursa olsun t\u00fcm m\u00fc\u015fteriler i\u00e7in al\u0131\u015fveri\u015f s\u00fcrecini m\u00fcmk\u00fcn oldu\u011funca basit ve eri\u015filebilir hale getirmeyi hedefliyor. Ulusal para birimiyle \u00f6demenin, uluslararas\u0131 transferlerle ilgili bir\u00e7ok engeli ortadan kald\u0131rarak al\u0131\u015fveri\u015f deneyimini iyile\u015ftiren bir y\u00f6ntem oldu\u011funa inan\u0131yoruz. Yerel bankalar arac\u0131l\u0131\u011f\u0131yla kendi ulusal para biriminizle kolayca, g\u00fcvenle ve endi\u015fe duymadan \u00f6deme yapabilir, ho\u015f olmayan anlar\u0131 geride b\u0131rakabilirsiniz.<\/p>\n\t\t\t\t\t\t\t\t<\/div>\n\t\t\t\t<\/div>\n\t\t\t\t<\/div>\n\t\t\t\t\t<\/div>\n\t\t\t\t<\/div>\n\t\t\t\t<\/div>\n\t\t","protected":false},"excerpt":{"rendered":"<p>Yurt d\u0131\u015f\u0131 sipari\u015flerinizi ulusal para birimiyle \u00f6deyin Yurt d\u0131\u015f\u0131 sipari\u015flerin ulusal para birimiyle \u00f6denmesi &#8211; kolay ve pratik bir \u00e7\u00f6z\u00fcmUlusal<\/p>\n","protected":false},"author":1,"featured_media":0,"parent":0,"menu_order":0,"comment_status":"closed","ping_status":"closed","template":"elementor_header_footer","meta":{"_acf_changed":false,"footnotes":""},"class_list":["post-7215","page","type-page","status-publish","hentry"],"acf":[],"_links":{"self":[{"href":"https:\/\/diboochi.com\/tr\/wp-json\/wp\/v2\/pages\/7215","targetHints":{"allow":["GET"]}}],"collection":[{"href":"https:\/\/diboochi.com\/tr\/wp-json\/wp\/v2\/pages"}],"about":[{"href":"https:\/\/diboochi.com\/tr\/wp-json\/wp\/v2\/types\/page"}],"author":[{"embeddable":true,"href":"https:\/\/diboochi.com\/tr\/wp-json\/wp\/v2\/users\/1"}],"replies":[{"embeddable":true,"href":"https:\/\/diboochi.com\/tr\/wp-json\/wp\/v2\/comments?post=7215"}],"version-history":[{"count":4,"href":"https:\/\/diboochi.com\/tr\/wp-json\/wp\/v2\/pages\/7215\/revisions"}],"predecessor-version":[{"id":7262,"href":"https:\/\/diboochi.com\/tr\/wp-json\/wp\/v2\/pages\/7215\/revisions\/7262"}],"wp:attachment":[{"href":"https:\/\/diboochi.com\/tr\/wp-json\/wp\/v2\/media?parent=7215"}],"curies":[{"name":"wp","href":"https:\/\/api.w.org\/{rel}","templated":true}]}}