{"id":7277,"date":"2024-10-15T01:44:38","date_gmt":"2024-10-14T22:44:38","guid":{"rendered":"https:\/\/diboochi.com\/dil-engeli-olmadan-alisveris-yapin\/"},"modified":"2025-05-25T19:44:20","modified_gmt":"2025-05-25T16:44:20","slug":"dil-engeli-olmadan-alisveris-yapin","status":"publish","type":"page","link":"https:\/\/diboochi.com\/tr\/dil-engeli-olmadan-alisveris-yapin\/","title":{"rendered":"Dil Engeli Olmadan Al\u0131\u015fveri\u015f Yap\u0131n"},"content":{"rendered":"\t\t<div data-elementor-type=\"wp-page\" data-elementor-id=\"7277\" class=\"elementor elementor-7277 elementor-2278\" data-elementor-post-type=\"page\">\n\t\t\t\t<div class=\"wd-negative-gap elementor-element elementor-element-18d0e5c e-flex e-con-boxed e-con e-parent\" data-id=\"18d0e5c\" data-element_type=\"container\" data-e-type=\"container\">\n\t\t\t\t\t<div class=\"e-con-inner\">\n\t\t<div class=\"elementor-element elementor-element-ca17812 e-con-full e-flex e-con e-child\" data-id=\"ca17812\" data-element_type=\"container\" data-e-type=\"container\">\n\t\t<div class=\"elementor-element elementor-element-1159cc5 e-con-full e-flex e-con e-child\" data-id=\"1159cc5\" data-element_type=\"container\" data-e-type=\"container\">\n\t\t\t\t<div class=\"elementor-element elementor-element-40f8597 elementor-widget elementor-widget-image\" data-id=\"40f8597\" data-element_type=\"widget\" data-e-type=\"widget\" data-widget_type=\"image.default\">\n\t\t\t\t<div class=\"elementor-widget-container\">\n\t\t\t\t\t\t\t\t\t\t\t\t\t\t\t<img loading=\"lazy\" decoding=\"async\" width=\"70\" height=\"70\" src=\"https:\/\/diboochi.com\/wp-content\/uploads\/2024\/08\/language-translation-black-icon-small.png\" class=\"attachment-large size-large wp-image-5688\" alt=\"\" \/>\t\t\t\t\t\t\t\t\t\t\t\t\t\t\t<\/div>\n\t\t\t\t<\/div>\n\t\t\t\t<div class=\"elementor-element elementor-element-d0999a0 color-scheme-inherit text-left elementor-widget elementor-widget-text-editor\" data-id=\"d0999a0\" data-element_type=\"widget\" data-e-type=\"widget\" data-widget_type=\"text-editor.default\">\n\t\t\t\t<div class=\"elementor-widget-container\">\n\t\t\t\t\t\t\t\t\t<h1><strong>Dil Engeli Olmadan Al\u0131\u015fveri\u015f Yap\u0131n<\/strong><\/h1>\n\t\t\t\t\t\t\t\t<\/div>\n\t\t\t\t<\/div>\n\t\t\t\t<\/div>\n\t\t\t\t<div class=\"elementor-element elementor-element-8fb1f52 color-scheme-inherit text-left elementor-widget elementor-widget-text-editor\" data-id=\"8fb1f52\" data-element_type=\"widget\" data-e-type=\"widget\" data-widget_type=\"text-editor.default\">\n\t\t\t\t<div class=\"elementor-widget-container\">\n\t\t\t\t\t\t\t\t\t<strong>Dil engelleri olmadan ticaret, i\u015f d\u00fcnyas\u0131 i\u00e7in yeni ufuklar a\u00e7ar<\/strong><br>Dil engelleri olmadan al\u0131m sat\u0131m yapmak, g\u00fcn\u00fcm\u00fcz\u00fcn k\u00fcreselle\u015fen d\u00fcnyas\u0131nda ticaret i\u00e7in yeni perspektifler sunan bir kavramd\u0131r. Uluslararas\u0131 ticaretin geli\u015fimindeki en b\u00fcy\u00fck engellerden biri dil ve k\u00fclt\u00fcr bariyerleridir. Bu engeller ileti\u015fimi zorla\u015ft\u0131r\u0131r, yanl\u0131\u015f anla\u015f\u0131lmalara yol a\u00e7ar ve s\u00fcrd\u00fcr\u00fclebilir ticari ili\u015fkilerin kurulmas\u0131n\u0131 engeller.<br><br><strong>DiBoochi&#8217;nin \u00e7evirmenleri ve ak\u0131ll\u0131 ara\u00e7lar\u0131yla s\u0131n\u0131rs\u0131z ileti\u015fim<\/strong><br>&#8220;DiBoochi&#8221;, ileri yapay zeka ve profesyonel \u00e7evirmen hizmetlerini birle\u015ftirerek sizinle uluslararas\u0131 m\u00fc\u015fteriler aras\u0131nda g\u00fcvenli ve ak\u0131ll\u0131 bir k\u00f6pr\u00fc olu\u015fturur. B\u00f6ylece dil sorunlar\u0131na odaklanmak yerine i\u015flem detaylar\u0131na konsantre olabilirsiniz.<br><br><strong>K\u00fcresel ticaretin b\u00fcy\u00fcmesi i\u00e7in bir alan<\/strong><br>Fikir ve teklif al\u0131\u015fveri\u015finin ne kadar \u00f6nemli oldu\u011funu anl\u0131yoruz. Bu nedenle hizmetlerimiz, i\u015f s\u0131n\u0131rlar\u0131n\u0131 geni\u015fletmek, yeni pazarlar ke\u015ffetmek ve tedarik zincirlerini y\u00f6netmek isteyen giri\u015fimcilerin ihtiya\u00e7lar\u0131 d\u00fc\u015f\u00fcn\u00fclerek tasarlanm\u0131\u015ft\u0131r. Dil engellerini ortadan kald\u0131rarak, herkesin dil zorluklar\u0131 endi\u015fesi olmadan ortaklar\u0131, m\u00fc\u015fterileri veya tedarik\u00e7ileriyle ileti\u015fim kurabilece\u011fi birle\u015fik bir ticaret alan\u0131 yarat\u0131yoruz.<br><br><strong>Ba\u015far\u0131l\u0131 ve kar\u015f\u0131l\u0131kl\u0131 fayda sa\u011flayan i\u015f birlikleri<\/strong><br>&#8220;DiBoochi&#8221;nin kaynaklar\u0131n\u0131 kullanarak sadece i\u015finizi etkili bir \u015fekilde y\u00fcr\u00fctmekle kalmayacak, ayn\u0131 zamanda k\u00fclt\u00fcrel deneyim al\u0131\u015fveri\u015fi f\u0131rsat\u0131 da bulacaks\u0131n\u0131z. Bu, ba\u015far\u0131l\u0131 ve kar\u015f\u0131l\u0131kl\u0131 fayda sa\u011flayan ortakl\u0131klar\u0131n temelini olu\u015fturacakt\u0131r. Bize kat\u0131l\u0131n ve s\u0131n\u0131rlar olmadan k\u00fcresel pazar\u0131n potansiyelinden yararlan\u0131n!\t\t\t\t\t\t\t\t<\/div>\n\t\t\t\t<\/div>\n\t\t\t\t<\/div>\n\t\t\t\t\t<\/div>\n\t\t\t\t<\/div>\n\t\t\t\t<\/div>\n\t\t","protected":false},"excerpt":{"rendered":"<p>Dil Engeli Olmadan Al\u0131\u015fveri\u015f Yap\u0131n Dil engelleri olmadan ticaret, i\u015f d\u00fcnyas\u0131 i\u00e7in yeni ufuklar a\u00e7arDil engelleri olmadan al\u0131m sat\u0131m yapmak,<\/p>\n","protected":false},"author":1,"featured_media":0,"parent":0,"menu_order":0,"comment_status":"closed","ping_status":"closed","template":"elementor_header_footer","meta":{"_acf_changed":false,"footnotes":""},"class_list":["post-7277","page","type-page","status-publish","hentry"],"acf":[],"_links":{"self":[{"href":"https:\/\/diboochi.com\/tr\/wp-json\/wp\/v2\/pages\/7277","targetHints":{"allow":["GET"]}}],"collection":[{"href":"https:\/\/diboochi.com\/tr\/wp-json\/wp\/v2\/pages"}],"about":[{"href":"https:\/\/diboochi.com\/tr\/wp-json\/wp\/v2\/types\/page"}],"author":[{"embeddable":true,"href":"https:\/\/diboochi.com\/tr\/wp-json\/wp\/v2\/users\/1"}],"replies":[{"embeddable":true,"href":"https:\/\/diboochi.com\/tr\/wp-json\/wp\/v2\/comments?post=7277"}],"version-history":[{"count":3,"href":"https:\/\/diboochi.com\/tr\/wp-json\/wp\/v2\/pages\/7277\/revisions"}],"predecessor-version":[{"id":7282,"href":"https:\/\/diboochi.com\/tr\/wp-json\/wp\/v2\/pages\/7277\/revisions\/7282"}],"wp:attachment":[{"href":"https:\/\/diboochi.com\/tr\/wp-json\/wp\/v2\/media?parent=7277"}],"curies":[{"name":"wp","href":"https:\/\/api.w.org\/{rel}","templated":true}]}}