{"id":7292,"date":"2024-10-15T01:03:28","date_gmt":"2024-10-14T22:03:28","guid":{"rendered":"https:\/\/diboochi.com\/cis-ulkeleri-iran-ve-turkiye-arasinda-entegre-b2b-ticaret-ekosistemi-platformu\/"},"modified":"2025-05-18T21:14:21","modified_gmt":"2025-05-18T18:14:21","slug":"cis-ulkeleri-iran-ve-turkiye-arasinda-entegre-b2b-ticaret-ekosistemi-platformu","status":"publish","type":"page","link":"https:\/\/diboochi.com\/tr\/cis-ulkeleri-iran-ve-turkiye-arasinda-entegre-b2b-ticaret-ekosistemi-platformu\/","title":{"rendered":"CIS \u00fclkeleri, \u0130ran ve T\u00fcrkiye aras\u0131nda entegre B2B ticaret ekosistemi platformu"},"content":{"rendered":"\t\t<div data-elementor-type=\"wp-page\" data-elementor-id=\"7292\" class=\"elementor elementor-7292 elementor-2265\" data-elementor-post-type=\"page\">\n\t\t\t\t<div class=\"wd-negative-gap elementor-element elementor-element-c200230 e-flex e-con-boxed e-con e-parent\" data-id=\"c200230\" data-element_type=\"container\" data-e-type=\"container\">\n\t\t\t\t\t<div class=\"e-con-inner\">\n\t\t<div class=\"elementor-element elementor-element-66a20dc e-con-full e-flex e-con e-child\" data-id=\"66a20dc\" data-element_type=\"container\" data-e-type=\"container\">\n\t\t<div class=\"elementor-element elementor-element-af04e4e e-con-full e-flex e-con e-child\" data-id=\"af04e4e\" data-element_type=\"container\" data-e-type=\"container\">\n\t\t\t\t<div class=\"elementor-element elementor-element-e94da9a elementor-widget elementor-widget-image\" data-id=\"e94da9a\" data-element_type=\"widget\" data-e-type=\"widget\" data-widget_type=\"image.default\">\n\t\t\t\t<div class=\"elementor-widget-container\">\n\t\t\t\t\t\t\t\t\t\t\t\t\t\t\t<img loading=\"lazy\" decoding=\"async\" width=\"80\" height=\"70\" src=\"https:\/\/diboochi.com\/wp-content\/uploads\/2024\/08\/global-market-icon-small.png\" class=\"attachment-large size-large wp-image-5686\" alt=\"\" \/>\t\t\t\t\t\t\t\t\t\t\t\t\t\t\t<\/div>\n\t\t\t\t<\/div>\n\t\t\t\t<div class=\"elementor-element elementor-element-4d52ffa color-scheme-inherit text-left elementor-widget elementor-widget-text-editor\" data-id=\"4d52ffa\" data-element_type=\"widget\" data-e-type=\"widget\" data-widget_type=\"text-editor.default\">\n\t\t\t\t<div class=\"elementor-widget-container\">\n\t\t\t\t\t\t\t\t\t<h1><strong>CIS \u00fclkeleri, \u0130ran ve T\u00fcrkiye aras\u0131nda entegre B2B ticaret ekosistemi platformu<\/strong><\/h1>\n\t\t\t\t\t\t\t\t<\/div>\n\t\t\t\t<\/div>\n\t\t\t\t<\/div>\n\t\t\t\t<div class=\"elementor-element elementor-element-04b7d35 color-scheme-inherit text-left elementor-widget elementor-widget-text-editor\" data-id=\"04b7d35\" data-element_type=\"widget\" data-e-type=\"widget\" data-widget_type=\"text-editor.default\">\n\t\t\t\t<div class=\"elementor-widget-container\">\n\t\t\t\t\t\t\t\t\t<strong>&#8220;DiBoochi&#8221; entegre ekosistemi &#8211; \u0130ran, CIS \u00fclkeleri ve T\u00fcrkiye&#8217;de B2B ticaretin \u00f6nc\u00fcs\u00fc<\/strong><br>&#8220;DiBoochi&#8221;, i\u015fletmelerin yeni pazarlara girmesine yard\u0131mc\u0131 olan ileri d\u00fczey bir B2B ticaret platformudur. Platformumuz ticareti engelsiz hale getirir ve \u00fcr\u00fcn se\u00e7iminden sipari\u015f olu\u015fturmaya ve g\u00fcmr\u00fck i\u015flemlerine kadar t\u00fcm a\u015famalarda h\u0131zl\u0131 ve kolay i\u015flem yapma imkan\u0131 sunar. Ayr\u0131ca dijital para birimleri (Tether) dahil \u00e7e\u015fitli finansal ara\u00e7lar ve lojistik destek sa\u011fl\u0131yoruz.<br><br><strong>&#8220;DiBoochi&#8221;nin temel avantaj\u0131: Do\u011frudan ve g\u00fcvenli ticaret<\/strong><br>&#8220;DiBoochi&#8221; platformunun en \u00f6nemli avantajlar\u0131ndan biri, arac\u0131 olmadan \u0130ran, T\u00fcrkiye, Belarus, Rusya ve CIS \u00fclkeleri pazarlar\u0131yla do\u011frudan etkile\u015fim kurma imkan\u0131d\u0131r. Bu, al\u0131c\u0131lar i\u00e7in \u00fcr\u00fcn bilgilerine tam eri\u015fim ve \u015feffafl\u0131k sa\u011flarken, hem al\u0131c\u0131lar hem de sat\u0131c\u0131lar i\u00e7in i\u015flem g\u00fcvenli\u011fini garanti eder.<br><br><strong>Ulusal para birimiyle kolay \u00f6deme<\/strong><br>Platformumuz, yerel bankalar arac\u0131l\u0131\u011f\u0131yla ulusal para birimiyle \u00f6deme yapma imkan\u0131 sunarak uluslararas\u0131 transferlerle ilgili sorunlar\u0131 ortadan kald\u0131r\u0131r. LC akreditif benzeri ara\u00e7lar sayesinde doland\u0131r\u0131c\u0131l\u0131k riskleri ve mal temin s\u00fcrecindeki belirsizlikler en aza indirilir.<br><br><strong>Dil engeli olmadan uluslararas\u0131 ileti\u015fim<\/strong><br>&#8220;DiBoochi&#8221; platformu, ileri yapay zeka teknolojileri ve profesyonel \u00e7evirmen hizmetlerini birle\u015ftirerek dil engeli olmadan ticaret yapma imkan\u0131 sa\u011flar ve etkili i\u015f ileti\u015fimini garanti eder. Platformumuz, ta\u015f\u0131mac\u0131l\u0131k ve belge haz\u0131rlama dahil olmak \u00fczere t\u00fcm ticari s\u00fcreci kapsar. Ayr\u0131ca ak\u0131ll\u0131 s\u00f6zle\u015fmeler ve kripto para \u00f6deme s\u00fcre\u00e7leri, bu platformu ba\u015far\u0131l\u0131 ticaret i\u00e7in modern bir ara\u00e7 haline getirmektedir.\t\t\t\t\t\t\t\t<\/div>\n\t\t\t\t<\/div>\n\t\t\t\t<\/div>\n\t\t\t\t\t<\/div>\n\t\t\t\t<\/div>\n\t\t\t\t<\/div>\n\t\t","protected":false},"excerpt":{"rendered":"<p>CIS \u00fclkeleri, \u0130ran ve T\u00fcrkiye aras\u0131nda entegre B2B ticaret ekosistemi platformu &#8220;DiBoochi&#8221; entegre ekosistemi &#8211; \u0130ran, CIS \u00fclkeleri ve T\u00fcrkiye&#8217;de<\/p>\n","protected":false},"author":1,"featured_media":0,"parent":0,"menu_order":0,"comment_status":"closed","ping_status":"closed","template":"elementor_header_footer","meta":{"_acf_changed":false,"footnotes":""},"class_list":["post-7292","page","type-page","status-publish","hentry"],"acf":[],"_links":{"self":[{"href":"https:\/\/diboochi.com\/tr\/wp-json\/wp\/v2\/pages\/7292","targetHints":{"allow":["GET"]}}],"collection":[{"href":"https:\/\/diboochi.com\/tr\/wp-json\/wp\/v2\/pages"}],"about":[{"href":"https:\/\/diboochi.com\/tr\/wp-json\/wp\/v2\/types\/page"}],"author":[{"embeddable":true,"href":"https:\/\/diboochi.com\/tr\/wp-json\/wp\/v2\/users\/1"}],"replies":[{"embeddable":true,"href":"https:\/\/diboochi.com\/tr\/wp-json\/wp\/v2\/comments?post=7292"}],"version-history":[{"count":1,"href":"https:\/\/diboochi.com\/tr\/wp-json\/wp\/v2\/pages\/7292\/revisions"}],"predecessor-version":[{"id":7293,"href":"https:\/\/diboochi.com\/tr\/wp-json\/wp\/v2\/pages\/7292\/revisions\/7293"}],"wp:attachment":[{"href":"https:\/\/diboochi.com\/tr\/wp-json\/wp\/v2\/media?parent=7292"}],"curies":[{"name":"wp","href":"https:\/\/api.w.org\/{rel}","templated":true}]}}