{"id":7296,"date":"2024-07-21T21:57:07","date_gmt":"2024-07-21T18:57:07","guid":{"rendered":"https:\/\/diboochi.com\/satici-olun\/"},"modified":"2025-05-26T19:05:15","modified_gmt":"2025-05-26T16:05:15","slug":"satici-olun","status":"publish","type":"page","link":"https:\/\/diboochi.com\/tr\/satici-olun\/","title":{"rendered":"Sat\u0131c\u0131 olun"},"content":{"rendered":"\t\t<div data-elementor-type=\"wp-page\" data-elementor-id=\"7296\" class=\"elementor elementor-7296 elementor-1460\" data-elementor-post-type=\"page\">\n\t\t\t\t<div class=\"wd-negative-gap elementor-element elementor-element-a80fc03 e-flex e-con-boxed e-con e-parent\" data-id=\"a80fc03\" data-element_type=\"container\" data-e-type=\"container\">\n\t\t\t\t\t<div class=\"e-con-inner\">\n\t\t<div class=\"elementor-element elementor-element-83b74de e-con-full e-flex e-con e-child\" data-id=\"83b74de\" data-element_type=\"container\" data-e-type=\"container\">\n\t\t\t\t<div class=\"elementor-element elementor-element-91fa8e4 elementor-widget elementor-widget-heading\" data-id=\"91fa8e4\" data-element_type=\"widget\" data-e-type=\"widget\" data-widget_type=\"heading.default\">\n\t\t\t\t<div class=\"elementor-widget-container\">\n\t\t\t\t\t<h2 class=\"elementor-heading-title elementor-size-default\">Giri\u015f yapmak<\/h2>\t\t\t\t<\/div>\n\t\t\t\t<\/div>\n\t\t\t\t<div class=\"elementor-element elementor-element-726a0b9 elementor-widget elementor-widget-shortcode\" data-id=\"726a0b9\" data-element_type=\"widget\" data-e-type=\"widget\" data-widget_type=\"shortcode.default\">\n\t\t\t\t<div class=\"elementor-widget-container\">\n\t\t\t\t\t\t\t<div class=\"elementor-shortcode\"><div class=\"woocommerce\">\t\t\t<form id=\"customer_login\" method=\"post\" class=\"login woocommerce-form woocommerce-form-login hidden-form\" >\n\n\t\t\t\t\n\t\t\t\t\n\t\t\t\t<p class=\"woocommerce-FormRow woocommerce-FormRow--wide form-row form-row-wide form-row-username\">\n\t\t\t\t\t<label for=\"username\">Kullan\u0131c\u0131 ad\u0131 veya e-posta adresi&nbsp;<span class=\"required\" aria-hidden=\"true\">*<\/span><span class=\"screen-reader-text\">Gerekli<\/span><\/label>\n\t\t\t\t\t<input type=\"text\" class=\"woocommerce-Input woocommerce-Input--text input-text\" name=\"username\" id=\"username\" autocomplete=\"username\" value=\"\" \/>\t\t\t\t<\/p>\n\t\t\t\t<p class=\"woocommerce-FormRow woocommerce-FormRow--wide form-row form-row-wide form-row-password\">\n\t\t\t\t\t<label for=\"password\">\u015eifre&nbsp;<span class=\"required\" aria-hidden=\"true\">*<\/span><span class=\"screen-reader-text\">Gerekli<\/span><\/label>\n\t\t\t\t\t<input class=\"woocommerce-Input woocommerce-Input--text input-text\" type=\"password\" name=\"password\" id=\"password\" autocomplete=\"current-password\" \/>\n\t\t\t\t<\/p>\n\n\t\t\t\t<div class=\"g-recaptcha\" style=\"transform: scale(0.9); -webkit-transform: scale(0.9); transform-origin: 0 0; -webkit-transform-origin: 0 0;\" data-sitekey=\"6Lc46kArAAAAAHWVEwpjatRxxmo93IijYGJuBxrM\"><\/div><script>\r\n                jQuery(\"form.woocommerce-checkout\").on(\"submit\", function(){\r\n                    setTimeout(function(){\r\n                        grecaptcha.reset();\r\n                    },100);\r\n                });\r\n                <\/script><script src='https:\/\/www.google.com\/recaptcha\/api.js?ver=1.31' id='wpcaptcha-recaptcha-js'><\/script>\n\t\t\t\t<p class=\"form-row form-row-btn\">\n\t\t\t\t\t<input type=\"hidden\" id=\"woocommerce-login-nonce\" name=\"woocommerce-login-nonce\" value=\"21ba0a9f78\" \/><input type=\"hidden\" name=\"_wp_http_referer\" value=\"\/tr\/wp-json\/wp\/v2\/pages\/7296\" \/>\t\t\t\t\t\t\t\t\t\t\t<input type=\"hidden\" name=\"redirect\" value=\"http:\/\/1\" \/>\n\t\t\t\t\t\t\t\t\t\t<button type=\"submit\" class=\"button woocommerce-button woocommerce-form-login__submit\" name=\"login\" value=\"Giri\u015f yap\">Giri\u015f yap<\/button>\n\t\t\t\t<\/p>\n\n\t\t\t\t<p class=\"login-form-footer\">\n\t\t\t\t\t<a href=\"https:\/\/diboochi.com\/tr\/my-account\/lost-password\/\" class=\"woocommerce-LostPassword lost_password\">\u015eifrenizi mi unuttunuz?<\/a>\n\t\t\t\t\t<label class=\"woocommerce-form__label woocommerce-form__label-for-checkbox woocommerce-form-login__rememberme\">\n\t\t\t\t\t\t<input class=\"woocommerce-form__input woocommerce-form__input-checkbox\" name=\"rememberme\" type=\"checkbox\" value=\"forever\" title=\"Beni hat\u0131rla\" aria-label=\"Beni hat\u0131rla\" \/> <span>Beni hat\u0131rla<\/span>\n\t\t\t\t\t<\/label>\n\t\t\t\t<\/p>\n\n\t\t\t\t\t\t\t\t\t\t\t\t\t\t<p class=\"title wd-login-divider\"><span>Veya \u015fununla giri\u015f yap\u0131n<\/span><\/p>\n\t\t\t\t\t<div class=\"wd-social-login\">\n\t\t\t\t\t\t\t\t\t\t\t\t\t\t\t\t\t\t\t<a href=\"https:\/\/diboochi.com\/tr\/my-account\/?social_auth=google\" class=\"login-goo-link btn\">\n\t\t\t\t\t\t\t\tGoogle\t\t\t\t\t\t\t<\/a>\n\t\t\t\t\t\t\t\t\t\t\t\t\t\t\t\t\t<\/div>\n\t\t\t\t\n\t\t\t\t\t\t\t<\/form>\n\n\t\t<\/div><\/div>\n\t\t\t\t\t\t<\/div>\n\t\t\t\t<\/div>\n\t\t\t\t<\/div>\n\t\t<div class=\"elementor-element elementor-element-7ac4d06 e-con-full e-flex e-con e-child\" data-id=\"7ac4d06\" data-element_type=\"container\" data-e-type=\"container\">\n\t\t\t\t<div class=\"elementor-element elementor-element-0fd99be elementor-widget elementor-widget-shortcode\" data-id=\"0fd99be\" data-element_type=\"widget\" data-e-type=\"widget\" data-widget_type=\"shortcode.default\">\n\t\t\t\t<div class=\"elementor-widget-container\">\n\t\t\t\t\t\t\t<div class=\"elementor-shortcode\">\t\t\t\t<h2>\n\t\t\t\tKay\u0131t Ol<\/h2>\n\t\t\t\t<div class=\"woocommerce\">\n\t\t\t\t\t<form method=\"post\" class=\"woocommerce-form woocommerce-form-register register\" enctype=\"multipart\/form-data\"enctype=\"multipart\/form-data\" >\n\n\t\t\t\t\t\t\n\t\t\t\t\t\t\n\t\t\t\t\t\t<p class=\"woocommerce-form-row woocommerce-form-row--wide form-row form-row-wide\">\n\t\t\t\t\t\t\t<label for=\"reg_email\">E-posta adresi&nbsp;<span class=\"required\">*<\/span><\/label>\n\t\t\t\t\t\t\t<input type=\"email\" class=\"woocommerce-Input woocommerce-Input--text input-text\" name=\"email\" id=\"reg_email\" autocomplete=\"email\" value=\"\" \/>\n\t\t\t\t\t\t<\/p>\n\n\t\t\t\t\t\t\n\t\t\t\t\t\t\t<p class=\"woocommerce-form-row woocommerce-form-row--wide form-row form-row-wide\">\n\t\t\t\t\t\t\t\t<label for=\"reg_password\">\u015eifre&nbsp;<span class=\"required\">*<\/span><\/label>\n\t\t\t\t\t\t\t\t<input type=\"password\" class=\"woocommerce-Input woocommerce-Input--text input-text\" name=\"password\" id=\"reg_password\" autocomplete=\"new-password\" \/>\n\t\t\t\t\t\t\t<\/p>\n\n\t\t\t\t\t\t\n\t\t\t\t\t\t\t\t\t\t<p class=\"woocommerce-form-row woocommerce-form-row--wide form-row form-row-wide marketking_registration_options_dropdown_section \">\n\t\t\t\t\t<label for=\"marketking_registration_options_dropdown\">\n\t\t\t\t\t\tKullan\u0131c\u0131 T\u00fcr\u00fc&nbsp;<span class=\"required\">*<\/span>\n\t\t\t\t\t<\/label>\n\t\t\t\t\t<select id=\"marketking_registration_options_dropdown\" name=\"marketking_registration_options_dropdown\">\n\n\t\t\t\t\t\t<option value=\"option_1468\" >\u2013 \u2013 \u2013 \u0627\u0646\u062a\u062e\u0627\u0628 \u0646\u0642\u0634 \u06a9\u0627\u0631\u0628\u0631 \u2013 \u2013 \u2013<\/option><option value=\"option_1469\" >\u0641\u0631\u0648\u0634\u0646\u062f\u0647 B2B<\/option><option value=\"option_3941\" >\u062e\u062f\u0645\u0627\u062a \u062d\u0645\u0644 \u0648 \u0646\u0642\u0644<\/option><option value=\"option_3946\" >\u062e\u062f\u0645\u0627\u062a \u06af\u0645\u0631\u06a9\u06cc<\/option><option value=\"option_3947\" >\u062e\u062f\u0645\u0627\u062a \u0628\u0627\u0632\u0631\u0633\u06cc \u06a9\u0627\u0644\u0627 \u0648 \u0627\u0631\u0632\u06cc\u0627\u0628\u06cc \u0648\u0627\u062d\u062f\u0647\u0627\u06cc \u062a\u0648\u0644\u06cc\u062f\u06cc<\/option>\t\t\t\t\t<\/select>\n\t\t\t\t<\/p>\n\t\t\t\t<div class=\" marketking_custom_registration_container marketking_custom_registration_option_3947 marketking_custom_registration_option_3946 marketking_custom_registration_option_3941 marketking_custom_registration_option_1469 \"><p class=\"woocommerce-form-row woocommerce-form-row--wide form-row form-row-wide \"><label for=\"marketking_field_1470\">\u0646\u0627\u0645&nbsp;<span class=\"required\">*<\/span><\/label><input type=\"text\" id=\"marketking_field_1470\" class=\"marketking_custom_registration_field billing_first_name marketking_field_req_required\" name=\"marketking_field_1470\"  value=\"\" placeholder=\"\u0646\u0627\u0645 \u062e\u0648\u062f \u0631\u0627 \u062f\u0631 \u0627\u06cc\u0646\u062c\u0627 \u0648\u0627\u0631\u062f \u06a9\u0646\u06cc\u062f ...\" required><\/p><\/div><div class=\" marketking_custom_registration_container marketking_custom_registration_option_3947 marketking_custom_registration_option_3946 marketking_custom_registration_option_3941 marketking_custom_registration_option_1469 \"><p class=\"woocommerce-form-row woocommerce-form-row--wide form-row form-row-wide \"><label for=\"marketking_field_1471\">\u0646\u0627\u0645 \u062e\u0627\u0646\u0648\u0627\u062f\u06af\u06cc&nbsp;<span class=\"required\">*<\/span><\/label><input type=\"text\" id=\"marketking_field_1471\" class=\"marketking_custom_registration_field billing_last_name marketking_field_req_required\" name=\"marketking_field_1471\"  value=\"\" placeholder=\"\u0646\u0627\u0645 \u062e\u0627\u0646\u0648\u0627\u062f\u06af\u06cc \u062e\u0648\u062f \u0631\u0627 \u0627\u06cc\u0646\u062c\u0627 \u0648\u0627\u0631\u062f \u06a9\u0646\u06cc\u062f ...\" required><\/p><\/div><div class=\" marketking_custom_registration_container marketking_custom_registration_option_3947 marketking_custom_registration_option_3946 marketking_custom_registration_option_3941 marketking_custom_registration_option_1469 \"><p class=\"woocommerce-form-row woocommerce-form-row--wide form-row form-row-wide \"><label for=\"marketking_field_1472\">\u0646\u0627\u0645 \u0634\u0631\u06a9\u062a&nbsp;<span class=\"required\">*<\/span><\/label><input type=\"text\" id=\"marketking_field_1472\" class=\"marketking_custom_registration_field none marketking_field_req_required\" name=\"marketking_field_1472\"  value=\"\" placeholder=\"\u0646\u0627\u0645 \u0634\u0631\u06a9\u062a \u062e\u0648\u062f \u0631\u0627 \u0627\u06cc\u0646\u062c\u0627 \u0648\u0627\u0631\u062f \u06a9\u0646\u06cc\u062f ...\" required><\/p><\/div><div class=\" marketking_custom_registration_container marketking_custom_registration_option_3947 marketking_custom_registration_option_3946 marketking_custom_registration_option_3941 marketking_custom_registration_option_1469 \"><p class=\"woocommerce-form-row woocommerce-form-row--wide form-row form-row-wide \"><label for=\"marketking_field_1473\">\u0634\u0645\u0627\u0631\u0647 \u062a\u0644\u0641\u0646&nbsp;<span class=\"required\">*<\/span><\/label><input id=\"marketking_field_1473\" type=\"tel\" class=\"marketking_custom_registration_field marketking_field_req_required\" name=\"marketking_field_1473\" value=\"\" placeholder=\"... \u0634\u0645\u0627\u0631\u0647 \u062a\u0644\u0641\u0646 \u062e\u0648\u062f \u0631\u0627 \u0627\u06cc\u0646\u062c\u0627 \u0648\u0627\u0631\u062f \u06a9\u0646\u06cc\u062f\" required><\/p><\/div><div class=\" marketking_custom_registration_container marketking_custom_registration_option_3947 marketking_custom_registration_option_3946 marketking_custom_registration_option_3941 marketking_custom_registration_option_1469 \"><p class=\"woocommerce-form-row woocommerce-form-row--wide form-row form-row-wide \"><label for=\"marketking_field_1474\">\u0646\u0627\u0645 \u0641\u0631\u0648\u0634\u06af\u0627\u0647&nbsp;<span class=\"required\">*<\/span><\/label><input type=\"text\" id=\"marketking_field_1474\" class=\"marketking_custom_registration_field billing_store_name marketking_field_req_required\" name=\"marketking_field_1474\" maxlength=\"25\" value=\"\" placeholder=\"\u0646\u0627\u0645 \u0641\u0631\u0648\u0634\u06af\u0627\u0647 \u0627\u06cc\u0646\u062a\u0631\u0646\u062a\u06cc \u0645\u0648\u0631\u062f \u0646\u0638\u0631 \u062e\u0648\u062f \u0631\u0627 \u062f\u0631 \u0627\u06cc\u0646\u062c\u0627 \u0648\u0627\u0631\u062f \u06a9\u0646\u06cc\u062f ...\" required><\/p><\/div><div class=\" marketking_custom_registration_container marketking_custom_registration_option_3947 marketking_custom_registration_option_3946 marketking_custom_registration_option_3941 marketking_custom_registration_option_1469 \"><p class=\"woocommerce-form-row woocommerce-form-row--wide form-row form-row-wide \"><label for=\"marketking_field_1475\">\u0622\u062f\u0631\u0633 URL \u0641\u0631\u0648\u0634\u06af\u0627\u0647&nbsp;<span class=\"marketking_availability\"><\/span><\/label><input type=\"text\" id=\"marketking_field_1475\" class=\"marketking_custom_registration_field billing_store_url marketking_field_req_\" name=\"marketking_field_1475\"  value=\"\" placeholder=\"\u0622\u062f\u0631\u0633 \u0635\u0641\u062d\u0647 \u0648\u0628 \u0641\u0631\u0648\u0634\u06af\u0627\u0647 (URL) \u062e\u0648\u062f \u0631\u0627 \u062f\u0631 \u0627\u06cc\u0646\u062c\u0627 \u0648\u0627\u0631\u062f \u06a9\u0646\u06cc\u062f ...\" ><\/p><\/div><div class=\" marketking_custom_registration_container marketking_custom_registration_option_3947 marketking_custom_registration_option_3946 marketking_custom_registration_option_3941 marketking_custom_registration_option_1469 \"><p class=\"woocommerce-form-row woocommerce-form-row--wide form-row form-row-wide \"><label for=\"marketking_field_3759\">\u06a9\u0634\u0648\u0631&nbsp;<span class=\"required\">*<\/span><\/label><input type=\"text\" id=\"marketking_field_3759\" class=\"marketking_custom_registration_field none marketking_field_req_required\" name=\"marketking_field_3759\"  value=\"\" placeholder=\"\u06a9\u0634\u0648\u0631 \u062e\u0648\u062f \u0631\u0627 \u0648\u0627\u0631\u062f \u06a9\u0646\u06cc\u062f ....\" required><\/p><\/div><div class=\" marketking_custom_registration_container marketking_custom_registration_option_3947 marketking_custom_registration_option_3946 marketking_custom_registration_option_3941 marketking_custom_registration_option_1469 \"><p class=\"woocommerce-form-row woocommerce-form-row--wide form-row form-row-wide \"><label for=\"marketking_field_3765\">\u0634\u0647\u0631&nbsp;<span class=\"required\">*<\/span><\/label><input type=\"text\" id=\"marketking_field_3765\" class=\"marketking_custom_registration_field none marketking_field_req_required\" name=\"marketking_field_3765\"  value=\"\" placeholder=\"\u0634\u0647\u0631 \u062e\u0648\u062f \u0631\u0627 \u0648\u0627\u0631\u062f \u06a9\u0646\u06cc\u062f ...\" required><\/p><\/div><div class=\" marketking_custom_registration_container marketking_custom_registration_option_3947 marketking_custom_registration_option_3946 marketking_custom_registration_option_3941 marketking_custom_registration_option_1469 \"><p class=\"woocommerce-form-row woocommerce-form-row--wide form-row form-row-wide \"><label for=\"marketking_field_3766\">\u0622\u062f\u0631\u0633&nbsp;<span class=\"required\">*<\/span><\/label><input type=\"text\" id=\"marketking_field_3766\" class=\"marketking_custom_registration_field none marketking_field_req_required\" name=\"marketking_field_3766\"  value=\"\" placeholder=\"\u0622\u062f\u0631\u0633 \u062e\u0648\u062f \u0631\u0627 \u0627\u06cc\u0646\u062c\u0627 \u0648\u0627\u0631\u062f \u06a9\u0646\u06cc\u062f ...\" required><\/p><\/div><div class=\" marketking_custom_registration_container marketking_custom_registration_option_3947 marketking_custom_registration_option_3946 marketking_custom_registration_option_3941 marketking_custom_registration_option_1469 \"><p class=\"woocommerce-form-row woocommerce-form-row--wide form-row form-row-wide \"><label for=\"marketking_field_3767\">\u06a9\u062f\u067e\u0633\u062a\u06cc&nbsp;<\/label><input type=\"text\" id=\"marketking_field_3767\" class=\"marketking_custom_registration_field none marketking_field_req_\" name=\"marketking_field_3767\"  value=\"\" placeholder=\"\u06a9\u062f\u067e\u0633\u062a\u06cc \u062e\u0648\u062f \u0631\u0627 \u0627\u06cc\u0646\u062c\u0627 \u0648\u0627\u0631\u062f \u06a9\u0646\u06cc\u062f ...\" ><\/p><\/div><div class=\"g-recaptcha\" style=\"transform: scale(0.9); -webkit-transform: scale(0.9); transform-origin: 0 0; -webkit-transform-origin: 0 0;\" data-sitekey=\"6Lc46kArAAAAAHWVEwpjatRxxmo93IijYGJuBxrM\"><\/div><script>\r\n                jQuery(\"form.woocommerce-checkout\").on(\"submit\", function(){\r\n                    setTimeout(function(){\r\n                        grecaptcha.reset();\r\n                    },100);\r\n                });\r\n                <\/script><script src='https:\/\/www.google.com\/recaptcha\/api.js?ver=1.31' id='wpcaptcha-recaptcha-js'><\/script><wc-order-attribution-inputs><\/wc-order-attribution-inputs><div class=\"woocommerce-privacy-policy-text\"><p>Ki\u015fisel verileriniz, sitemizle etkile\u015fiminizi kolayla\u015ft\u0131rmak, hesab\u0131n\u0131za eri\u015fimi y\u00f6netmek ve <a href=\"https:\/\/diboochi.com\/privacy-policy\/\" class=\"woocommerce-privacy-policy-link\" target=\"_blank\">gizlilik ilkesi<\/a> belgesinde a\u00e7\u0131klanan di\u011fer ama\u00e7lar i\u00e7in kullan\u0131lacakt\u0131r.<\/p>\n<\/div>\n\t\t\t\t\t\t<p class=\"woocommerce-form-row form-row\">\n\t\t\t\t\t\t\t<input type=\"hidden\" id=\"woocommerce-register-nonce\" name=\"woocommerce-register-nonce\" value=\"bef83699c8\" \/><input type=\"hidden\" name=\"_wp_http_referer\" value=\"\/tr\/wp-json\/wp\/v2\/pages\/7296\" \/>\t\t\t\t\t\t\t<button type=\"submit\" class=\"woocommerce-Button woocommerce-button button woocommerce-form-register__submit\" name=\"register\" value=\"Kay\u0131t Ol\">Kay\u0131t Ol<\/button>\n\t\t\t\t\t\t<\/p>\n\n\t\t\t\t\t\t\t\t\t<p id=\"marketking_become_vendor_link_myaccount\">\n\t\t\t\t<a href=\"https:\/\/diboochi.com\/become-a-vendor\/\">Sat\u0131c\u0131 Olun<\/a>\n\t\t\t<\/p>\n\t\t\t\n\t\t\t\t\t<\/form>\n\t\t\t\t<\/div>\n\t\t\t\t<\/div>\n\t\t\t\t\t\t<\/div>\n\t\t\t\t<\/div>\n\t\t\t\t<\/div>\n\t\t\t\t\t<\/div>\n\t\t\t\t<\/div>\n\t\t\t\t<\/div>\n\t\t","protected":false},"excerpt":{"rendered":"<p>Giri\u015f yapmak<\/p>\n","protected":false},"author":1,"featured_media":0,"parent":0,"menu_order":0,"comment_status":"closed","ping_status":"closed","template":"elementor_header_footer","meta":{"_acf_changed":false,"footnotes":""},"class_list":["post-7296","page","type-page","status-publish","hentry"],"acf":[],"_links":{"self":[{"href":"https:\/\/diboochi.com\/tr\/wp-json\/wp\/v2\/pages\/7296","targetHints":{"allow":["GET"]}}],"collection":[{"href":"https:\/\/diboochi.com\/tr\/wp-json\/wp\/v2\/pages"}],"about":[{"href":"https:\/\/diboochi.com\/tr\/wp-json\/wp\/v2\/types\/page"}],"author":[{"embeddable":true,"href":"https:\/\/diboochi.com\/tr\/wp-json\/wp\/v2\/users\/1"}],"replies":[{"embeddable":true,"href":"https:\/\/diboochi.com\/tr\/wp-json\/wp\/v2\/comments?post=7296"}],"version-history":[{"count":10,"href":"https:\/\/diboochi.com\/tr\/wp-json\/wp\/v2\/pages\/7296\/revisions"}],"predecessor-version":[{"id":7786,"href":"https:\/\/diboochi.com\/tr\/wp-json\/wp\/v2\/pages\/7296\/revisions\/7786"}],"wp:attachment":[{"href":"https:\/\/diboochi.com\/tr\/wp-json\/wp\/v2\/media?parent=7296"}],"curies":[{"name":"wp","href":"https:\/\/api.w.org\/{rel}","templated":true}]}}