{"id":7358,"date":"2025-05-18T23:07:22","date_gmt":"2025-05-18T20:07:22","guid":{"rendered":"https:\/\/diboochi.com\/diboochi-platformunda-akilli-lojistik-hizmetleri\/"},"modified":"2025-05-18T23:43:47","modified_gmt":"2025-05-18T20:43:47","slug":"diboochi-platformunda-akilli-lojistik-hizmetleri","status":"publish","type":"page","link":"https:\/\/diboochi.com\/tr\/diboochi-platformunda-akilli-lojistik-hizmetleri\/","title":{"rendered":"DiBoochi platformunda ak\u0131ll\u0131 lojistik hizmetleri"},"content":{"rendered":"\t\t<div data-elementor-type=\"wp-page\" data-elementor-id=\"7358\" class=\"elementor elementor-7358 elementor-7343\" data-elementor-post-type=\"page\">\n\t\t\t\t<div class=\"wd-negative-gap elementor-element elementor-element-be6dccb e-flex e-con-boxed e-con e-parent\" data-id=\"be6dccb\" data-element_type=\"container\" data-e-type=\"container\">\n\t\t\t\t\t<div class=\"e-con-inner\">\n\t\t<div class=\"elementor-element elementor-element-c3d17f2 e-con-full e-flex e-con e-child\" data-id=\"c3d17f2\" data-element_type=\"container\" data-e-type=\"container\">\n\t\t<div class=\"elementor-element elementor-element-f52faae e-con-full e-flex e-con e-child\" data-id=\"f52faae\" data-element_type=\"container\" data-e-type=\"container\">\n\t\t\t\t<div class=\"elementor-element elementor-element-0a453c5 elementor-widget elementor-widget-image\" data-id=\"0a453c5\" data-element_type=\"widget\" data-e-type=\"widget\" data-widget_type=\"image.default\">\n\t\t\t\t<div class=\"elementor-widget-container\">\n\t\t\t\t\t\t\t\t\t\t\t\t\t\t\t<img loading=\"lazy\" decoding=\"async\" width=\"108\" height=\"70\" src=\"https:\/\/diboochi.com\/wp-content\/uploads\/2024\/11\/secure-delivery-icon-small.png\" class=\"attachment-large size-large wp-image-5860\" alt=\"\" \/>\t\t\t\t\t\t\t\t\t\t\t\t\t\t\t<\/div>\n\t\t\t\t<\/div>\n\t\t\t\t<div class=\"elementor-element elementor-element-948a861 text-right color-scheme-inherit elementor-widget elementor-widget-text-editor\" data-id=\"948a861\" data-element_type=\"widget\" data-e-type=\"widget\" data-widget_type=\"text-editor.default\">\n\t\t\t\t<div class=\"elementor-widget-container\">\n\t\t\t\t\t\t\t\t\t<h1><strong>DiBoochi platformunda ak\u0131ll\u0131 lojistik hizmetleri<\/strong><\/h1>\n\t\t\t\t\t\t\t\t<\/div>\n\t\t\t\t<\/div>\n\t\t\t\t<\/div>\n\t\t\t\t<div class=\"elementor-element elementor-element-eed3da9 text-right color-scheme-inherit elementor-widget elementor-widget-text-editor\" data-id=\"eed3da9\" data-element_type=\"widget\" data-e-type=\"widget\" data-widget_type=\"text-editor.default\">\n\t\t\t\t<div class=\"elementor-widget-container\">\n\t\t\t\t\t\t\t\t\t<p style=\"text-align: left;\"><strong>&#8220;DiBoochi&#8221; platformu &#8211; nakliye \u015firketleriyle do\u011frudan ba\u011flant\u0131<\/strong><br \/>\nDiBoochi, kapsaml\u0131 bir ticaret platformu olarak nakliye \u015firketleri ile kullan\u0131c\u0131lar (al\u0131c\u0131lar ve sat\u0131c\u0131lar) aras\u0131nda g\u00fcvenli ve verimli bir etkile\u015fim ortam\u0131 sunmaktad\u0131r. &#8220;DiBoochi&#8221; platformuna kay\u0131tl\u0131 g\u00fcvenilir nakliye \u015firketleri, kullan\u0131c\u0131lar\u0131n en iyi ta\u015f\u0131ma se\u00e7ene\u011fini se\u00e7ebilmeleri i\u00e7in hizmetlerini ve tarifelerini sunarlar.<\/p>\n<p><\/p>\n<p style=\"text-align: left;\"><strong>Uluslararas\u0131 ve yurti\u00e7i nakliye hizmetleri<\/strong><br \/>\nPlatforma kay\u0131tl\u0131 lojistik ve nakliye \u015firketleri geni\u015f bir hizmet yelpazesi sunmaktad\u0131r. Bunlar aras\u0131nda: d\u00fcnya \u00e7ap\u0131nda uluslararas\u0131 nakliye, \u00fclke genelinde yurti\u00e7i ta\u015f\u0131mac\u0131l\u0131k, \u00f6zel ve de\u011ferli y\u00fcklerin uzmanl\u0131k gerektiren ta\u015f\u0131nmas\u0131, en uygun ko\u015fullarda konteyner ta\u015f\u0131mac\u0131l\u0131\u011f\u0131 ve t\u00fcm ta\u015f\u0131ma y\u00f6ntemlerinin desteklenmesi (hava, kara, deniz) yer almaktad\u0131r.<\/p>\n<p><\/p>\n<p style=\"text-align: left;\"><strong>DiBoochi &#8211; i\u015fletmelerle profesyonel lojistik hizmetler aras\u0131nda k\u00f6pr\u00fc<\/strong><br \/>\n&#8220;DiBoochi&#8221; platformunu kullanarak s\u00fcre\u00e7lerinizi optimize edin ve \u00e7e\u015fitli mallar\u0131 \u00fclkeler aras\u0131nda kolayl\u0131kla ta\u015f\u0131y\u0131n. D\u00fcnya art\u0131k avu\u00e7lar\u0131n\u0131z\u0131n i\u00e7inde!<\/p>\n\t\t\t\t\t\t\t\t<\/div>\n\t\t\t\t<\/div>\n\t\t\t\t<\/div>\n\t\t\t\t\t<\/div>\n\t\t\t\t<\/div>\n\t\t\t\t<\/div>\n\t\t","protected":false},"excerpt":{"rendered":"<p>DiBoochi platformunda ak\u0131ll\u0131 lojistik hizmetleri &#8220;DiBoochi&#8221; platformu &#8211; nakliye \u015firketleriyle do\u011frudan ba\u011flant\u0131 DiBoochi, kapsaml\u0131 bir ticaret platformu olarak nakliye \u015firketleri<\/p>\n","protected":false},"author":1,"featured_media":0,"parent":0,"menu_order":0,"comment_status":"closed","ping_status":"closed","template":"elementor_header_footer","meta":{"_acf_changed":false,"footnotes":""},"class_list":["post-7358","page","type-page","status-publish","hentry"],"acf":[],"_links":{"self":[{"href":"https:\/\/diboochi.com\/tr\/wp-json\/wp\/v2\/pages\/7358","targetHints":{"allow":["GET"]}}],"collection":[{"href":"https:\/\/diboochi.com\/tr\/wp-json\/wp\/v2\/pages"}],"about":[{"href":"https:\/\/diboochi.com\/tr\/wp-json\/wp\/v2\/types\/page"}],"author":[{"embeddable":true,"href":"https:\/\/diboochi.com\/tr\/wp-json\/wp\/v2\/users\/1"}],"replies":[{"embeddable":true,"href":"https:\/\/diboochi.com\/tr\/wp-json\/wp\/v2\/comments?post=7358"}],"version-history":[{"count":3,"href":"https:\/\/diboochi.com\/tr\/wp-json\/wp\/v2\/pages\/7358\/revisions"}],"predecessor-version":[{"id":7363,"href":"https:\/\/diboochi.com\/tr\/wp-json\/wp\/v2\/pages\/7358\/revisions\/7363"}],"wp:attachment":[{"href":"https:\/\/diboochi.com\/tr\/wp-json\/wp\/v2\/media?parent=7358"}],"curies":[{"name":"wp","href":"https:\/\/api.w.org\/{rel}","templated":true}]}}