{"id":7374,"date":"2024-10-16T22:34:11","date_gmt":"2024-10-16T19:34:11","guid":{"rendered":"https:\/\/diboochi.com\/diboochi-platformunda-tedarik-zinciri-yonetimi\/"},"modified":"2025-05-19T00:45:33","modified_gmt":"2025-05-18T21:45:33","slug":"diboochi-platformunda-tedarik-zinciri-yonetimi","status":"publish","type":"page","link":"https:\/\/diboochi.com\/tr\/diboochi-platformunda-tedarik-zinciri-yonetimi\/","title":{"rendered":"DiBoochi Platformunda Tedarik Zinciri Y\u00f6netimi"},"content":{"rendered":"\t\t<div data-elementor-type=\"wp-page\" data-elementor-id=\"7374\" class=\"elementor elementor-7374 elementor-2299\" data-elementor-post-type=\"page\">\n\t\t\t\t<div class=\"wd-negative-gap elementor-element elementor-element-44b41d1 e-flex e-con-boxed e-con e-parent\" data-id=\"44b41d1\" data-element_type=\"container\" data-e-type=\"container\">\n\t\t\t\t\t<div class=\"e-con-inner\">\n\t\t<div class=\"elementor-element elementor-element-2429d73 e-con-full e-flex e-con e-child\" data-id=\"2429d73\" data-element_type=\"container\" data-e-type=\"container\">\n\t\t<div class=\"elementor-element elementor-element-65f02c1 e-con-full e-flex e-con e-child\" data-id=\"65f02c1\" data-element_type=\"container\" data-e-type=\"container\">\n\t\t\t\t<div class=\"elementor-element elementor-element-d5033d0 elementor-widget elementor-widget-image\" data-id=\"d5033d0\" data-element_type=\"widget\" data-e-type=\"widget\" data-widget_type=\"image.default\">\n\t\t\t\t<div class=\"elementor-widget-container\">\n\t\t\t\t\t\t\t\t\t\t\t\t\t\t\t<img loading=\"lazy\" decoding=\"async\" width=\"70\" height=\"70\" src=\"https:\/\/diboochi.com\/wp-content\/uploads\/2024\/10\/supply-chain-icon-small.png\" class=\"attachment-large size-large wp-image-5856\" alt=\"\" \/>\t\t\t\t\t\t\t\t\t\t\t\t\t\t\t<\/div>\n\t\t\t\t<\/div>\n\t\t\t\t<div class=\"elementor-element elementor-element-ed735e4 color-scheme-inherit text-left elementor-widget elementor-widget-text-editor\" data-id=\"ed735e4\" data-element_type=\"widget\" data-e-type=\"widget\" data-widget_type=\"text-editor.default\">\n\t\t\t\t<div class=\"elementor-widget-container\">\n\t\t\t\t\t\t\t\t\t<h1><strong>DiBoochi Platformunda Tedarik Zinciri Y\u00f6netimi<\/strong><\/h1>\n\t\t\t\t\t\t\t\t<\/div>\n\t\t\t\t<\/div>\n\t\t\t\t<\/div>\n\t\t\t\t<div class=\"elementor-element elementor-element-65cbc58 color-scheme-inherit text-left elementor-widget elementor-widget-text-editor\" data-id=\"65cbc58\" data-element_type=\"widget\" data-e-type=\"widget\" data-widget_type=\"text-editor.default\">\n\t\t\t\t<div class=\"elementor-widget-container\">\n\t\t\t\t\t\t\t\t\t<strong>Tedarik zinciri y\u00f6netimi: \u0130\u015f ba\u015far\u0131s\u0131n\u0131n anahtar\u0131<\/strong><br>Tedarik zinciri y\u00f6netimi, \u00fcretimden nihai t\u00fcketiciye teslimata kadar t\u00fcm a\u015famalar\u0131 kapsayan dinamik ve \u00e7ok boyutlu bir s\u00fcre\u00e7tir. Etkili tedarik zinciri y\u00f6netimi, her i\u015fletmenin ba\u015far\u0131s\u0131 i\u00e7in kritik \u00f6neme sahiptir. Her \u015firket, \u00f6zel dikkat ve detayl\u0131 stratejiler gerektiren tedarik, lojistik ve planlama gibi zorluklarla kar\u015f\u0131 kar\u015f\u0131yad\u0131r.<br><br><strong>Tedarik zinciri y\u00f6netiminin temel unsurlar\u0131<\/strong><br>Tedarik zinciri y\u00f6netiminin en \u00f6nemli y\u00f6nleri \u015funlard\u0131r:<br><ul>\r\n \t<li>G\u00fcvenilir tedarik\u00e7ilerin se\u00e7imi<\/li>\r\n \t<li>Mal ta\u015f\u0131mac\u0131l\u0131\u011f\u0131n\u0131n organize edilmesi<\/li>\r\n \t<li>Envanter y\u00f6netimi<\/li>\r\n<\/ul><br>S\u00fcrekli de\u011fi\u015fen pazar ko\u015fullar\u0131nda esneklik ve uyum sa\u011flama yetene\u011fi hayati \u00f6nem kazanm\u0131\u015ft\u0131r. Otomasyon ve bulut \u00e7\u00f6z\u00fcmleri gibi modern teknolojiler, bu s\u00fcre\u00e7lerin optimize edilmesinde kilit rol oynamaktad\u0131r.<br><br><strong>DiBoochi platformunun tedarik zinciri y\u00f6netimini geli\u015ftirmedeki rol\u00fc<\/strong><br>DiBoochi platformu, riskleri ve maliyetleri \u00f6nemli \u00f6l\u00e7\u00fcde azaltabilen g\u00fc\u00e7l\u00fc tedarik zinciri y\u00f6netim ara\u00e7lar\u0131 sunar. Bu \u00f6zellikler, tedarik ak\u0131\u015flar\u0131n\u0131 h\u0131zla koordine etmenizi ve gecikmeleri en aza indirmenizi sa\u011flar. Esnek tedarik zinciri ayn\u0131 zamanda ekonomik ve politik fakt\u00f6rler dahil olmak \u00fczere \u00e7evresel de\u011fi\u015fikliklere daha h\u0131zl\u0131 yan\u0131t verme imkan\u0131 sunar.<br><br><strong>\u015eeffafl\u0131k ve bilin\u00e7li karar alma<\/strong><br>\u015eeffafl\u0131k ve g\u00fcncel bilgilere eri\u015fim, daha bilin\u00e7li kararlar almay\u0131 ve kaynaklar\u0131 daha verimli y\u00f6netmeyi m\u00fcmk\u00fcn k\u0131lar. Tedarik zinciri s\u00fcrecindeki t\u00fcm payda\u015flar aras\u0131ndaki s\u00fcrekli etkile\u015fim, m\u00fc\u015fteriler ve ortaklar aras\u0131ndaki g\u00fcvenin g\u00fc\u00e7lenmesine katk\u0131da bulunur.<br><p style=\"text-align: left;\">Tedarik zinciri y\u00f6netimi, yaln\u0131zca bir i\u015fletmenin s\u00fcrd\u00fcr\u00fclebilir b\u00fcy\u00fcmesine katk\u0131da bulunmakla kalmaz, ayn\u0131 zamanda modern pazarda rekabet avantajlar\u0131 sa\u011flar. Bu nedenle bu s\u00fcre\u00e7, g\u00fcn\u00fcm\u00fcz\u00fcn rekabet\u00e7i ortam\u0131nda ba\u015far\u0131 i\u00e7in temel bir unsur olarak kabul edilir.<\/p>\t\t\t\t\t\t\t\t<\/div>\n\t\t\t\t<\/div>\n\t\t\t\t<\/div>\n\t\t\t\t\t<\/div>\n\t\t\t\t<\/div>\n\t\t\t\t<\/div>\n\t\t","protected":false},"excerpt":{"rendered":"<p>DiBoochi Platformunda Tedarik Zinciri Y\u00f6netimi Tedarik zinciri y\u00f6netimi: \u0130\u015f ba\u015far\u0131s\u0131n\u0131n anahtar\u0131Tedarik zinciri y\u00f6netimi, \u00fcretimden nihai t\u00fcketiciye teslimata kadar t\u00fcm a\u015famalar\u0131<\/p>\n","protected":false},"author":1,"featured_media":0,"parent":0,"menu_order":0,"comment_status":"closed","ping_status":"closed","template":"elementor_header_footer","meta":{"_acf_changed":false,"footnotes":""},"class_list":["post-7374","page","type-page","status-publish","hentry"],"acf":[],"_links":{"self":[{"href":"https:\/\/diboochi.com\/tr\/wp-json\/wp\/v2\/pages\/7374","targetHints":{"allow":["GET"]}}],"collection":[{"href":"https:\/\/diboochi.com\/tr\/wp-json\/wp\/v2\/pages"}],"about":[{"href":"https:\/\/diboochi.com\/tr\/wp-json\/wp\/v2\/types\/page"}],"author":[{"embeddable":true,"href":"https:\/\/diboochi.com\/tr\/wp-json\/wp\/v2\/users\/1"}],"replies":[{"embeddable":true,"href":"https:\/\/diboochi.com\/tr\/wp-json\/wp\/v2\/comments?post=7374"}],"version-history":[{"count":3,"href":"https:\/\/diboochi.com\/tr\/wp-json\/wp\/v2\/pages\/7374\/revisions"}],"predecessor-version":[{"id":7381,"href":"https:\/\/diboochi.com\/tr\/wp-json\/wp\/v2\/pages\/7374\/revisions\/7381"}],"wp:attachment":[{"href":"https:\/\/diboochi.com\/tr\/wp-json\/wp\/v2\/media?parent=7374"}],"curies":[{"name":"wp","href":"https:\/\/api.w.org\/{rel}","templated":true}]}}