{"id":7394,"date":"2024-10-16T22:58:36","date_gmt":"2024-10-16T19:58:36","guid":{"rendered":"https:\/\/diboochi.com\/kucuk-toptan-siparisler-icin-grup-alimi\/"},"modified":"2025-05-19T04:03:40","modified_gmt":"2025-05-19T01:03:40","slug":"kucuk-toptan-siparisler-icin-grup-alimi","status":"publish","type":"page","link":"https:\/\/diboochi.com\/tr\/kucuk-toptan-siparisler-icin-grup-alimi\/","title":{"rendered":"K\u00fc\u00e7\u00fck toptan sipari\u015fler i\u00e7in grup al\u0131m\u0131"},"content":{"rendered":"\t\t<div data-elementor-type=\"wp-page\" data-elementor-id=\"7394\" class=\"elementor elementor-7394 elementor-2310\" data-elementor-post-type=\"page\">\n\t\t\t\t<div class=\"wd-negative-gap elementor-element elementor-element-de6cbbe e-flex e-con-boxed e-con e-parent\" data-id=\"de6cbbe\" data-element_type=\"container\" data-e-type=\"container\">\n\t\t\t\t\t<div class=\"e-con-inner\">\n\t\t<div class=\"elementor-element elementor-element-f16e033 e-con-full e-flex e-con e-child\" data-id=\"f16e033\" data-element_type=\"container\" data-e-type=\"container\">\n\t\t<div class=\"elementor-element elementor-element-fe63113 e-con-full e-flex e-con e-child\" data-id=\"fe63113\" data-element_type=\"container\" data-e-type=\"container\">\n\t\t\t\t<div class=\"elementor-element elementor-element-1c22fc5 elementor-widget elementor-widget-image\" data-id=\"1c22fc5\" data-element_type=\"widget\" data-e-type=\"widget\" data-widget_type=\"image.default\">\n\t\t\t\t<div class=\"elementor-widget-container\">\n\t\t\t\t\t\t\t\t\t\t\t\t\t\t\t<img loading=\"lazy\" decoding=\"async\" width=\"70\" height=\"69\" src=\"https:\/\/diboochi.com\/wp-content\/uploads\/2024\/10\/deal-icon-small.png\" class=\"attachment-large size-large wp-image-5858\" alt=\"\" \/>\t\t\t\t\t\t\t\t\t\t\t\t\t\t\t<\/div>\n\t\t\t\t<\/div>\n\t\t\t\t<div class=\"elementor-element elementor-element-ebb9270 color-scheme-inherit text-left elementor-widget elementor-widget-text-editor\" data-id=\"ebb9270\" data-element_type=\"widget\" data-e-type=\"widget\" data-widget_type=\"text-editor.default\">\n\t\t\t\t<div class=\"elementor-widget-container\">\n\t\t\t\t\t\t\t\t\t<h1><strong>K\u00fc\u00e7\u00fck toptan sipari\u015fler i\u00e7in grup al\u0131m\u0131<\/strong><\/h1>\n\t\t\t\t\t\t\t\t<\/div>\n\t\t\t\t<\/div>\n\t\t\t\t<\/div>\n\t\t\t\t<div class=\"elementor-element elementor-element-7aa993f color-scheme-inherit text-left elementor-widget elementor-widget-text-editor\" data-id=\"7aa993f\" data-element_type=\"widget\" data-e-type=\"widget\" data-widget_type=\"text-editor.default\">\n\t\t\t\t<div class=\"elementor-widget-container\">\n\t\t\t\t\t\t\t\t\t<p><strong>Uluslararas\u0131 ticarette tasarruf \u00e7\u00f6z\u00fcm\u00fc<\/strong><br \/>&#8220;DiBoochi&#8221; platformu, k\u00fc\u00e7\u00fck toptan grup al\u0131m-sat\u0131m hizmeti sunarak ithalat veya ihracat yapan k\u00fc\u00e7\u00fck i\u015fletmeler ve esnaf i\u00e7in ticarette devrim yarat\u0131yor.<\/p>\n<p><strong>Nas\u0131l \u00e7al\u0131\u015f\u0131r?<\/strong><\/p>\n<ol>\n<li>Kay\u0131t olma ve kullan\u0131c\u0131 tipi se\u00e7imi\n<ul>\n<li>&#8220;DiBoochi&#8221; platformuna kay\u0131t olurken k\u00fc\u00e7\u00fck toptan al\u0131c\u0131 veya k\u00fc\u00e7\u00fck toptan sat\u0131c\u0131 rol\u00fcn\u00fc se\u00e7ebilirsiniz<\/li>\n<li>Sistem sizi otomatik olarak grup al\u0131m\/sat\u0131m b\u00f6l\u00fcm\u00fcne yerle\u015ftirir<\/li>\n<\/ul>\n<\/li>\n<li>Sipari\u015f olu\u015fturma\n<ul>\n<li>\u00c7ok say\u0131da t\u00fcccar k\u00fc\u00e7\u00fck sipari\u015flerini &#8220;DiBoochi&#8221; platformuna giriyor. Bu sipari\u015fler toplan\u0131p birle\u015ftirildikten sonra tek bir b\u00fcy\u00fck sevkiyat olarak g\u00f6nderiliyor.<\/li>\n<li>Bu sipari\u015fler genellikle kendi \u00fclkelerindeki g\u00fcvenilir platformlarda ma\u011fazas\u0131 olan t\u00fcccarlardan geliyor. \u00d6rne\u011fin: \u0130ran&#8217;da digikala.com, torob.com, basalam.com; Rusya&#8217;da market.yandex.ru, ozon.ru, Wildberries.ru; Belarus&#8217;ta Deal.by, 21vek.by; T\u00fcrkiye&#8217;de Hepsiburada.com, trendyol.com.<\/li>\n<\/ul>\n<\/li>\n<\/ol>\n<p>Bu y\u00f6ntem, k\u00fc\u00e7\u00fck t\u00fcccarlar i\u00e7in nakliye, g\u00fcmr\u00fck ve di\u011fer lojistik maliyetlerini \u00f6nemli \u00f6l\u00e7\u00fcde d\u00fc\u015f\u00fcr\u00fcyor. Kargo var\u0131\u015f noktas\u0131na ula\u015ft\u0131\u011f\u0131nda, kat\u0131l\u0131mc\u0131lar aras\u0131nda payla\u015ft\u0131r\u0131l\u0131yor.<\/p>\n\t\t\t\t\t\t\t\t<\/div>\n\t\t\t\t<\/div>\n\t\t\t\t<\/div>\n\t\t\t\t\t<\/div>\n\t\t\t\t<\/div>\n\t\t\t\t<\/div>\n\t\t","protected":false},"excerpt":{"rendered":"<p>K\u00fc\u00e7\u00fck toptan sipari\u015fler i\u00e7in grup al\u0131m\u0131 Uluslararas\u0131 ticarette tasarruf \u00e7\u00f6z\u00fcm\u00fc&#8220;DiBoochi&#8221; platformu, k\u00fc\u00e7\u00fck toptan grup al\u0131m-sat\u0131m hizmeti sunarak ithalat veya ihracat<\/p>\n","protected":false},"author":1,"featured_media":0,"parent":0,"menu_order":0,"comment_status":"closed","ping_status":"closed","template":"elementor_header_footer","meta":{"_acf_changed":false,"footnotes":""},"class_list":["post-7394","page","type-page","status-publish","hentry"],"acf":[],"_links":{"self":[{"href":"https:\/\/diboochi.com\/tr\/wp-json\/wp\/v2\/pages\/7394","targetHints":{"allow":["GET"]}}],"collection":[{"href":"https:\/\/diboochi.com\/tr\/wp-json\/wp\/v2\/pages"}],"about":[{"href":"https:\/\/diboochi.com\/tr\/wp-json\/wp\/v2\/types\/page"}],"author":[{"embeddable":true,"href":"https:\/\/diboochi.com\/tr\/wp-json\/wp\/v2\/users\/1"}],"replies":[{"embeddable":true,"href":"https:\/\/diboochi.com\/tr\/wp-json\/wp\/v2\/comments?post=7394"}],"version-history":[{"count":3,"href":"https:\/\/diboochi.com\/tr\/wp-json\/wp\/v2\/pages\/7394\/revisions"}],"predecessor-version":[{"id":7405,"href":"https:\/\/diboochi.com\/tr\/wp-json\/wp\/v2\/pages\/7394\/revisions\/7405"}],"wp:attachment":[{"href":"https:\/\/diboochi.com\/tr\/wp-json\/wp\/v2\/media?parent=7394"}],"curies":[{"name":"wp","href":"https:\/\/api.w.org\/{rel}","templated":true}]}}