{"id":7415,"date":"2024-10-17T23:30:20","date_gmt":"2024-10-17T20:30:20","guid":{"rendered":"https:\/\/diboochi.com\/diboochi-ekibinden-vip-hizmetler\/"},"modified":"2025-05-19T04:49:01","modified_gmt":"2025-05-19T01:49:01","slug":"diboochi-ekibinden-vip-hizmetler","status":"publish","type":"page","link":"https:\/\/diboochi.com\/tr\/diboochi-ekibinden-vip-hizmetler\/","title":{"rendered":"DiBoochi Ekibinden VIP Hizmetler"},"content":{"rendered":"\t\t<div data-elementor-type=\"wp-page\" data-elementor-id=\"7415\" class=\"elementor elementor-7415 elementor-2330\" data-elementor-post-type=\"page\">\n\t\t\t\t<div class=\"wd-negative-gap elementor-element elementor-element-48c7c30 e-flex e-con-boxed e-con e-parent\" data-id=\"48c7c30\" data-element_type=\"container\" data-e-type=\"container\">\n\t\t\t\t\t<div class=\"e-con-inner\">\n\t\t<div class=\"elementor-element elementor-element-6160214 e-con-full e-flex e-con e-child\" data-id=\"6160214\" data-element_type=\"container\" data-e-type=\"container\">\n\t\t<div class=\"elementor-element elementor-element-9c257b1 e-con-full e-flex e-con e-child\" data-id=\"9c257b1\" data-element_type=\"container\" data-e-type=\"container\">\n\t\t\t\t<div class=\"elementor-element elementor-element-cbc4e33 elementor-widget elementor-widget-image\" data-id=\"cbc4e33\" data-element_type=\"widget\" data-e-type=\"widget\" data-widget_type=\"image.default\">\n\t\t\t\t<div class=\"elementor-widget-container\">\n\t\t\t\t\t\t\t\t\t\t\t\t\t\t\t<img loading=\"lazy\" decoding=\"async\" width=\"70\" height=\"70\" src=\"https:\/\/diboochi.com\/wp-content\/uploads\/2024\/10\/business-team-icon-small.png\" class=\"attachment-large size-large wp-image-5854\" alt=\"\" \/>\t\t\t\t\t\t\t\t\t\t\t\t\t\t\t<\/div>\n\t\t\t\t<\/div>\n\t\t\t\t<div class=\"elementor-element elementor-element-db2273c color-scheme-inherit text-left elementor-widget elementor-widget-text-editor\" data-id=\"db2273c\" data-element_type=\"widget\" data-e-type=\"widget\" data-widget_type=\"text-editor.default\">\n\t\t\t\t<div class=\"elementor-widget-container\">\n\t\t\t\t\t\t\t\t\t<h1><strong>DiBoochi Ekibinden VIP Hizmetler<\/strong><\/h1>\n\t\t\t\t\t\t\t\t<\/div>\n\t\t\t\t<\/div>\n\t\t\t\t<\/div>\n\t\t\t\t<div class=\"elementor-element elementor-element-55fd29d color-scheme-inherit text-left elementor-widget elementor-widget-text-editor\" data-id=\"55fd29d\" data-element_type=\"widget\" data-e-type=\"widget\" data-widget_type=\"text-editor.default\">\n\t\t\t\t<div class=\"elementor-widget-container\">\n\t\t\t\t\t\t\t\t\t<strong>DiBoochi ekibi taraf\u0131ndan eksiksiz hizmet (sizin iste\u011finize g\u00f6re sat\u0131n alma ve kargo teslimi): s\u00fcre\u00e7leri optimize etmek i\u00e7in etkili bir \u00e7\u00f6z\u00fcm<\/strong><br>DiBoochi ekibinin VIP hizmetleri, sat\u0131n alma ve lojistik s\u00fcre\u00e7lerini optimize etmek isteyen \u015firketler i\u00e7in ideal bir \u00e7\u00f6z\u00fcmd\u00fcr. Bu hizmet, \u00fcr\u00fcn se\u00e7iminden \u00fclkenize teslimata kadar t\u00fcm a\u015famalar\u0131 kapsar.<br><ol>\r\n \t<li><strong> A\u015fama: Sat\u0131n alma organizasyonu<\/strong>\r\n\u0130lk ad\u0131mda uzmanlar\u0131m\u0131z, anla\u015fma ko\u015fullar\u0131n\u0131 koordine etmenize ve ihtiya\u00e7lar\u0131n\u0131za uygun \u00fcr\u00fcnleri se\u00e7menize yard\u0131mc\u0131 olacakt\u0131r. Bu a\u015fama tamamland\u0131ktan ve s\u00f6zle\u015fme imzaland\u0131ktan sonra, hizmet ve \u00fcr\u00fcnler i\u00e7in \u00f6n \u00f6deme &#8220;DiBoochi&#8221; \u015firketinin banka hesab\u0131na yap\u0131l\u0131r, bu da \u00fcr\u00fcn sat\u0131n alma ve sonras\u0131nda teslimat s\u00fcrecinin ba\u015flamas\u0131n\u0131 garanti eder.<\/li>\r\n \t<li><strong> A\u015fama: Kaynaktan nakliye organizasyonu<\/strong>\r\n\u00dcr\u00fcn sat\u0131n al\u0131nd\u0131ktan sonra fabrikadan nakliyesi planlan\u0131r. Y\u00fck hacmi dikkate al\u0131narak en iyi nakliye y\u00f6ntemi veya y\u00fck konsolidasyonu se\u00e7ilir. Uzmanlar\u0131m\u0131z, mallar\u0131n h\u0131zl\u0131 ve sorunsuz bir \u015fekilde s\u0131n\u0131r\u0131 ge\u00e7mesi ve m\u00fc\u015fteriye ula\u015fmak i\u00e7in g\u00fcmr\u00fck i\u015flemlerini geride b\u0131rakmas\u0131 i\u00e7in g\u00fcmr\u00fck i\u015flemleri, sigortalama ve nakliye belgelerinin haz\u0131rlanmas\u0131ndan tamamen sorumludur.<\/li>\r\n \t<li><strong> A\u015fama: G\u00fcmr\u00fck i\u015flemleri s\u00fcreci<\/strong>\r\nG\u00fcmr\u00fck i\u015flemleri, dikkat ve yasa ve d\u00fczenlemeler hakk\u0131nda bilgi gerektiren bu s\u00fcrecin en \u00f6nemli k\u0131sm\u0131d\u0131r. Uzmanlar\u0131m\u0131z t\u00fcm detaylar\u0131 dikkatle inceler ve y\u00fck\u00fcn bir sonraki a\u015famaya h\u0131zla ge\u00e7ebilmesi i\u00e7in gecikmelerin \u00f6n\u00fcne ge\u00e7er.<\/li>\r\n<\/ol><br><strong>Son A\u015fama: M\u00fc\u015fteriye teslim<\/strong><br>Son olarak, \u00fcr\u00fcn\u00fcn\u00fcz belirlenen var\u0131\u015f noktas\u0131na teslim edilir ve t\u00fcm belgeler ve di\u011fer gerekli evraklar m\u00fc\u015fteriye iletilir. Bu yap\u0131, ortaklar\u0131m\u0131z i\u00e7in t\u00fcm operasyonlar\u0131n \u015feffafl\u0131\u011f\u0131n\u0131 ve yasall\u0131\u011f\u0131n\u0131 garanti eder.<br><br><strong>DiBoochi Ekibinin VIP Hizmetlerinin Avantajlar\u0131<\/strong><br>Bu hizmet y\u00f6ntemi, y\u00fcksek g\u00fcvence sa\u011flamas\u0131 ve zaman ve maliyetlerde \u00f6nemli azalma sunmas\u0131yla, i\u015fletmelerin odaklar\u0131n\u0131 b\u00fcy\u00fcme ve i\u015flerini geli\u015ftirmeye y\u00f6nlendirmelerine olanak tan\u0131r. Bu hizmetler sayesinde, art\u0131k ihracat ve ithalat\u0131n karma\u015f\u0131k detaylar\u0131n\u0131 y\u00f6netmek i\u00e7in \u00e7aba harcaman\u0131za gerek kalmayacak ve i\u015finizin ba\u015far\u0131s\u0131na huzur i\u00e7inde odaklanabileceksiniz.\t\t\t\t\t\t\t\t<\/div>\n\t\t\t\t<\/div>\n\t\t\t\t<\/div>\n\t\t\t\t\t<\/div>\n\t\t\t\t<\/div>\n\t\t\t\t<\/div>\n\t\t","protected":false},"excerpt":{"rendered":"<p>DiBoochi Ekibinden VIP Hizmetler DiBoochi ekibi taraf\u0131ndan eksiksiz hizmet (sizin iste\u011finize g\u00f6re sat\u0131n alma ve kargo teslimi): s\u00fcre\u00e7leri optimize etmek<\/p>\n","protected":false},"author":1,"featured_media":0,"parent":0,"menu_order":0,"comment_status":"closed","ping_status":"closed","template":"elementor_header_footer","meta":{"_acf_changed":false,"footnotes":""},"class_list":["post-7415","page","type-page","status-publish","hentry"],"acf":[],"_links":{"self":[{"href":"https:\/\/diboochi.com\/tr\/wp-json\/wp\/v2\/pages\/7415","targetHints":{"allow":["GET"]}}],"collection":[{"href":"https:\/\/diboochi.com\/tr\/wp-json\/wp\/v2\/pages"}],"about":[{"href":"https:\/\/diboochi.com\/tr\/wp-json\/wp\/v2\/types\/page"}],"author":[{"embeddable":true,"href":"https:\/\/diboochi.com\/tr\/wp-json\/wp\/v2\/users\/1"}],"replies":[{"embeddable":true,"href":"https:\/\/diboochi.com\/tr\/wp-json\/wp\/v2\/comments?post=7415"}],"version-history":[{"count":1,"href":"https:\/\/diboochi.com\/tr\/wp-json\/wp\/v2\/pages\/7415\/revisions"}],"predecessor-version":[{"id":7416,"href":"https:\/\/diboochi.com\/tr\/wp-json\/wp\/v2\/pages\/7415\/revisions\/7416"}],"wp:attachment":[{"href":"https:\/\/diboochi.com\/tr\/wp-json\/wp\/v2\/media?parent=7415"}],"curies":[{"name":"wp","href":"https:\/\/api.w.org\/{rel}","templated":true}]}}