{"id":7427,"date":"2024-10-17T23:40:35","date_gmt":"2024-10-17T20:40:35","guid":{"rendered":"https:\/\/diboochi.com\/gumruk-nakliye-mal-denetimi-ve-sigorta-hizmetlerine-erisim-imkani\/"},"modified":"2025-05-19T05:39:30","modified_gmt":"2025-05-19T02:39:30","slug":"gumruk-nakliye-mal-denetimi-ve-sigorta-hizmetlerine-erisim-imkani","status":"publish","type":"page","link":"https:\/\/diboochi.com\/tr\/gumruk-nakliye-mal-denetimi-ve-sigorta-hizmetlerine-erisim-imkani\/","title":{"rendered":"G\u00fcmr\u00fck, nakliye, mal denetimi ve sigorta hizmetlerine eri\u015fim imkan\u0131"},"content":{"rendered":"\t\t<div data-elementor-type=\"wp-page\" data-elementor-id=\"7427\" class=\"elementor elementor-7427 elementor-2336\" data-elementor-post-type=\"page\">\n\t\t\t\t<div class=\"wd-negative-gap elementor-element elementor-element-e5cd6f7 e-flex e-con-boxed e-con e-parent\" data-id=\"e5cd6f7\" data-element_type=\"container\" data-e-type=\"container\">\n\t\t\t\t\t<div class=\"e-con-inner\">\n\t\t<div class=\"elementor-element elementor-element-dab4415 e-con-full e-flex e-con e-child\" data-id=\"dab4415\" data-element_type=\"container\" data-e-type=\"container\">\n\t\t<div class=\"elementor-element elementor-element-abbbd74 e-con-full e-flex e-con e-child\" data-id=\"abbbd74\" data-element_type=\"container\" data-e-type=\"container\">\n\t\t\t\t<div class=\"elementor-element elementor-element-dd7cc8e elementor-widget elementor-widget-image\" data-id=\"dd7cc8e\" data-element_type=\"widget\" data-e-type=\"widget\" data-widget_type=\"image.default\">\n\t\t\t\t<div class=\"elementor-widget-container\">\n\t\t\t\t\t\t\t\t\t\t\t\t\t\t\t<img loading=\"lazy\" decoding=\"async\" width=\"81\" height=\"70\" src=\"https:\/\/diboochi.com\/wp-content\/uploads\/2024\/08\/hr-icon-small.png\" class=\"attachment-large size-large wp-image-5692\" alt=\"\" \/>\t\t\t\t\t\t\t\t\t\t\t\t\t\t\t<\/div>\n\t\t\t\t<\/div>\n\t\t\t\t<div class=\"elementor-element elementor-element-1030417 color-scheme-inherit text-left elementor-widget elementor-widget-text-editor\" data-id=\"1030417\" data-element_type=\"widget\" data-e-type=\"widget\" data-widget_type=\"text-editor.default\">\n\t\t\t\t<div class=\"elementor-widget-container\">\n\t\t\t\t\t\t\t\t\t<h1><strong>G\u00fcmr\u00fck, nakliye, mal denetimi ve sigorta hizmetlerine eri\u015fim imkan\u0131<\/strong><\/h1>\n\t\t\t\t\t\t\t\t<\/div>\n\t\t\t\t<\/div>\n\t\t\t\t<\/div>\n\t\t\t\t<div class=\"elementor-element elementor-element-0f3f5d1 color-scheme-inherit text-left elementor-widget elementor-widget-text-editor\" data-id=\"0f3f5d1\" data-element_type=\"widget\" data-e-type=\"widget\" data-widget_type=\"text-editor.default\">\n\t\t\t\t<div class=\"elementor-widget-container\">\n\t\t\t\t\t\t\t\t\t<strong>&#8220;DiBoochi&#8221; platformunda rahat bir ticaret i\u00e7in gerekli t\u00fcm hizmetlere eri\u015fimin \u00f6nemi<\/strong><br>\u00dcr\u00fcn se\u00e7erken ve sat\u0131n al\u0131rken sadece \u00fcr\u00fcn\u00fcn kendisine dikkat etmek yeterli de\u011fildir; ayn\u0131 zamanda &#8220;DiBoochi&#8221; platformundaki her ma\u011fazan\u0131n sundu\u011fu ek hizmetlere de \u00f6nem vermek gerekir. Bu hizmetler, \u00fcr\u00fcn\u00fc teslim alma s\u00fcrecinizi \u00e7ok daha kolay hale getirebilir.<br><br><strong>Nakliye hizmetleri, mal sigortas\u0131 ve g\u00fcmr\u00fck i\u015flemleri: \u0130thalat s\u00fcrecini kolayla\u015ft\u0131rman\u0131n anahtar\u0131<\/strong><br>Nakliye hizmetlerinden sonra en \u00f6nemli unsurlardan biri g\u00fcmr\u00fck hizmetleridir. Sipari\u015f verirken, sat\u0131c\u0131 nakliye ve g\u00fcmr\u00fck hizmetlerini dikkate almam\u0131\u015fsa (biz bu hizmetlerin sat\u0131c\u0131n\u0131n sorumlulu\u011funda olmas\u0131n\u0131 hedefliyoruz), &#8220;DiBoochi&#8221; platformu arac\u0131l\u0131\u011f\u0131yla bu \u015firketlere eri\u015febilir ve gerekli t\u00fcm deste\u011fi alabilirsiniz. Bu \u015firketler, gerekli belgelerin haz\u0131rlanmas\u0131nda, g\u00fcmr\u00fck beyannamesinin do\u011fru ve zaman\u0131nda doldurulmas\u0131nda, vergi ve har\u00e7lar\u0131n \u00f6denmesinde size yard\u0131mc\u0131 olacakt\u0131r. T\u00fcm g\u00fcmr\u00fck kontrol gerekliliklerini yerine getirecekler ve g\u00fcmr\u00fck i\u015flemlerini sizin ad\u0131n\u0131za ger\u00e7ekle\u015ftireceklerdir.<br><br><strong>Mal ve \u00fcretim denetim (surveyans) hizmetleri: Kalite ve uyum garantisi<\/strong><br>Surveyans hizmetleri de mal ihracat\u0131 ve ithalat\u0131nda \u00f6nemli bir rol oynar. Bu hizmetler, m\u00fc\u015fteriye teslim \u00f6ncesi yap\u0131lan kontrolleri i\u00e7erir: mallar\u0131n g\u00f6rsel muayenesi, nakliye belgelerinin kontrol\u00fc, ambalaj ve etiketleme durumunun de\u011ferlendirilmesi, konteyner ve vagonlar\u0131n do\u011fru m\u00fch\u00fcrlenmesinin onaylanmas\u0131 vb. Uzmanlar ayr\u0131ca y\u00fckleme ve bo\u015faltma s\u0131ras\u0131nda gerekli standartlar\u0131 kontrol eder ve teslim \u00f6ncesi ve sonras\u0131nda y\u00fckleme alanlar\u0131nda titiz bir denetim sa\u011flarlar.\t\t\t\t\t\t\t\t<\/div>\n\t\t\t\t<\/div>\n\t\t\t\t<\/div>\n\t\t\t\t\t<\/div>\n\t\t\t\t<\/div>\n\t\t\t\t<\/div>\n\t\t","protected":false},"excerpt":{"rendered":"<p>G\u00fcmr\u00fck, nakliye, mal denetimi ve sigorta hizmetlerine eri\u015fim imkan\u0131 &#8220;DiBoochi&#8221; platformunda rahat bir ticaret i\u00e7in gerekli t\u00fcm hizmetlere eri\u015fimin \u00f6nemi\u00dcr\u00fcn<\/p>\n","protected":false},"author":1,"featured_media":0,"parent":0,"menu_order":0,"comment_status":"closed","ping_status":"closed","template":"elementor_header_footer","meta":{"_acf_changed":false,"footnotes":""},"class_list":["post-7427","page","type-page","status-publish","hentry"],"acf":[],"_links":{"self":[{"href":"https:\/\/diboochi.com\/tr\/wp-json\/wp\/v2\/pages\/7427","targetHints":{"allow":["GET"]}}],"collection":[{"href":"https:\/\/diboochi.com\/tr\/wp-json\/wp\/v2\/pages"}],"about":[{"href":"https:\/\/diboochi.com\/tr\/wp-json\/wp\/v2\/types\/page"}],"author":[{"embeddable":true,"href":"https:\/\/diboochi.com\/tr\/wp-json\/wp\/v2\/users\/1"}],"replies":[{"embeddable":true,"href":"https:\/\/diboochi.com\/tr\/wp-json\/wp\/v2\/comments?post=7427"}],"version-history":[{"count":1,"href":"https:\/\/diboochi.com\/tr\/wp-json\/wp\/v2\/pages\/7427\/revisions"}],"predecessor-version":[{"id":7428,"href":"https:\/\/diboochi.com\/tr\/wp-json\/wp\/v2\/pages\/7427\/revisions\/7428"}],"wp:attachment":[{"href":"https:\/\/diboochi.com\/tr\/wp-json\/wp\/v2\/media?parent=7427"}],"curies":[{"name":"wp","href":"https:\/\/api.w.org\/{rel}","templated":true}]}}